{"id":105,"date":"2010-06-29T04:49:02","date_gmt":"2010-06-29T04:49:02","guid":{"rendered":"http:\/\/imediautama.com\/demo\/vulcan\/?page_id=105"},"modified":"2017-08-24T13:06:58","modified_gmt":"2017-08-24T12:06:58","slug":"transcricoes-juridicas","status":"publish","type":"page","link":"https:\/\/sps-traducoes.com.pt\/wp2\/servicos\/transcricoes-juridicas\/","title":{"rendered":"Transcri\u00e7\u00f5es Jur\u00eddicas e Outras"},"content":{"rendered":"<h3>Especialistas em Transcri\u00e7\u00f5es Jur\u00eddicas e Outras<\/h3>\n<p style=\"text-align: center;\"><img loading=\"lazy\" decoding=\"async\" class=\"aligncenter size-full wp-image-1073\" title=\"Transcri\u00e7\u00f5es Jur\u00eddicas e Outras\" src=\"http:\/\/sps-traducoes.com.pt\/wp2\/wp-content\/uploads\/2010\/06\/Transcricoes.jpg\" alt=\"Transcri\u00e7\u00f5es Jur\u00eddicas e Outras\" width=\"630\" height=\"147\" srcset=\"https:\/\/sps-traducoes.com.pt\/wp2\/wp-content\/uploads\/2010\/06\/Transcricoes.jpg 630w, https:\/\/sps-traducoes.com.pt\/wp2\/wp-content\/uploads\/2010\/06\/Transcricoes-300x70.jpg 300w, https:\/\/sps-traducoes.com.pt\/wp2\/wp-content\/uploads\/2010\/06\/Transcricoes-200x46.jpg 200w\" sizes=\"auto, (max-width: 630px) 100vw, 630px\" \/><\/p>\n<p style=\"text-align: left;\"><span style=\"color: #333333;\"><span style=\"font-size: small;\"><span style=\"font-family: Verdana;\">O servi\u00e7o de transcri\u00e7\u00e3o de \u00e1udio \u00e9 um servi\u00e7o muito requisitado, mormente por advogados que pretendem assim ter esse auxiliar\u00a0para os seus recursos.\u00a0A SPS Tradu\u00e7\u00f5es trabalha, pois, em grande parte dos casos, em transcri\u00e7\u00f5es jur\u00eddicas, suportando os diversos\u00a0tipos de ficheiros \u00e1udio (wma, mp3, vhs, dvd, etc). O nosso volume de trabalho \u00e9 medido pelo trabalho efectivo, sabendo-se que\u00a0uma hora de \u00e1udio pode chegar a 3 ou 4 horas de trabalho efectivo e entre 30 a 50 p\u00e1ginas, consoante a velocidade do discurso\u00a0dos oradores.<\/span><\/span><\/span><\/p>\n<p style=\"text-align: left;\"><span style=\"color: #333333;\"><span style=\"font-size: small;\"><span style=\"font-family: Verdana;\">Na SPS Tradu\u00e7\u00f5es guardamos sempre os registos de som originais, trabalhamos sempre a partir de c\u00f3pias, sobre as quais, com o recurso a software especializado, melhoramos o som do a\u00fadio sempre que o mesmo n\u00e3o ofere\u00e7a a qualidade m\u00ednima que o torne percept\u00edvel.<\/span><\/span><\/span><\/p>\n<p style=\"text-align: left;\"><span style=\"color: #333333;\"><span style=\"font-size: small;\"><span style=\"font-family: Verdana;\">Respeitamos a confidencialidade em qualquer transcri\u00e7\u00e3o efectuada por n\u00f3s, o mesmo se estendendo a qualquer outro trabalho.<\/span><\/span><\/span><\/p>\n<p style=\"text-align: left;\"><span style=\"font-size: small;\"><strong><a style=\"text-decoration: none; font-family: Verdana;\" href=\"http:\/\/sps-traducoes.com.pt\/wp2\/orcamento-gratuito\/\">Clique\u00a0aqui e solicite-nos um Or\u00e7amento Gratuitamente<\/a><\/strong><span style=\"font-family: Verdana;\">. <span style=\"color: #333333;\">Caso prefira,\u00a0poder-nos-\u00e1 enviar o seu pedido de or\u00e7amento\u00a0atrav\u00e9s do email<\/span> <\/span><strong><a style=\"font-family: Verdana; text-decoration: none;\" href=\"mailto:geral@sps-traducoes.com.pt\">geral@sps-traducoes.com.pt<\/a><\/strong><span style=\"font-family: Verdana; color: #333333;\"> ou atrav\u00e9s\u00a0do telefone\u00a0<span style=\"font-weight: bold;\">00 351 92 926 35 82 ou 00 351 96 357 90 50.<\/span><\/span><\/span><\/p>\n","protected":false},"excerpt":{"rendered":"<p>Especialistas em Transcri\u00e7\u00f5es Jur\u00eddicas e Outras O servi\u00e7o de transcri\u00e7\u00e3o de \u00e1udio \u00e9 um servi\u00e7o muito requisitado, mormente por advogados que pretendem assim ter esse auxiliar\u00a0para os seus recursos.\u00a0A SPS Tradu\u00e7\u00f5es trabalha, pois, em grande parte dos casos, em transcri\u00e7\u00f5es jur\u00eddicas, suportando os diversos\u00a0tipos de ficheiros \u00e1udio (wma, mp3, vhs, dvd, etc). O nosso volume [&hellip;]<\/p>\n","protected":false},"author":1,"featured_media":0,"parent":50,"menu_order":3,"comment_status":"open","ping_status":"open","template":"","meta":{"footnotes":""},"class_list":["post-105","page","type-page","status-publish","hentry"],"_links":{"self":[{"href":"https:\/\/sps-traducoes.com.pt\/wp2\/wp-json\/wp\/v2\/pages\/105","targetHints":{"allow":["GET"]}}],"collection":[{"href":"https:\/\/sps-traducoes.com.pt\/wp2\/wp-json\/wp\/v2\/pages"}],"about":[{"href":"https:\/\/sps-traducoes.com.pt\/wp2\/wp-json\/wp\/v2\/types\/page"}],"author":[{"embeddable":true,"href":"https:\/\/sps-traducoes.com.pt\/wp2\/wp-json\/wp\/v2\/users\/1"}],"replies":[{"embeddable":true,"href":"https:\/\/sps-traducoes.com.pt\/wp2\/wp-json\/wp\/v2\/comments?post=105"}],"version-history":[{"count":25,"href":"https:\/\/sps-traducoes.com.pt\/wp2\/wp-json\/wp\/v2\/pages\/105\/revisions"}],"predecessor-version":[{"id":2945,"href":"https:\/\/sps-traducoes.com.pt\/wp2\/wp-json\/wp\/v2\/pages\/105\/revisions\/2945"}],"up":[{"embeddable":true,"href":"https:\/\/sps-traducoes.com.pt\/wp2\/wp-json\/wp\/v2\/pages\/50"}],"wp:attachment":[{"href":"https:\/\/sps-traducoes.com.pt\/wp2\/wp-json\/wp\/v2\/media?parent=105"}],"curies":[{"name":"wp","href":"https:\/\/api.w.org\/{rel}","templated":true}]}}