{"id":107,"date":"2010-06-29T04:49:16","date_gmt":"2010-06-29T04:49:16","guid":{"rendered":"http:\/\/imediautama.com\/demo\/vulcan\/?page_id=107"},"modified":"2017-08-24T13:08:47","modified_gmt":"2017-08-24T12:08:47","slug":"traducao-portugal-brasil-palops","status":"publish","type":"page","link":"https:\/\/sps-traducoes.com.pt\/wp2\/servicos\/traducao-portugal-brasil-palops\/","title":{"rendered":"Portugal, Brasil e Palop"},"content":{"rendered":"<h3 style=\"text-align: left;\">Pa\u00edses de L\u00edngua Portuguesa<\/h3>\n<p style=\"text-align: left;\"><span style=\"color: #333333;\"><img loading=\"lazy\" decoding=\"async\" class=\"aligncenter size-full wp-image-1080\" title=\"Tradu\u00e7\u00f5es Portugal, Brasil e Palop\" alt=\"Tradu\u00e7\u00f5es Portugal, Brasil e Palops\" src=\"http:\/\/sps-traducoes.com.pt\/wp2\/wp-content\/uploads\/2010\/06\/Untitled-2.png\" width=\"630\" height=\"147\" srcset=\"https:\/\/sps-traducoes.com.pt\/wp2\/wp-content\/uploads\/2010\/06\/Untitled-2.png 630w, https:\/\/sps-traducoes.com.pt\/wp2\/wp-content\/uploads\/2010\/06\/Untitled-2-300x70.png 300w, https:\/\/sps-traducoes.com.pt\/wp2\/wp-content\/uploads\/2010\/06\/Untitled-2-200x46.png 200w\" sizes=\"auto, (max-width: 630px) 100vw, 630px\" \/><\/span><\/p>\n<p style=\"text-align: left;\"><span style=\"color: #333333;\"><span style=\"font-size: small;\"><span style=\"font-family: Verdana;\">A SPS Tradu\u00e7\u00f5es tem sido parceira de neg\u00f3cio nos pa\u00edses de express\u00e3o portuguesa, entre os quais o Brasil, Angola,\u00a0<\/span><\/span><span style=\"font-family: Verdana; font-size: small;\">Mo\u00e7ambique, entre outros. Alguns destes pa\u00edses, com o seu crescimento econ\u00f3mico, necessitam de buscar a internacionaliza\u00e7\u00e3o,saltando as fronteiras do seu espa\u00e7o territorial.<\/span><\/span><\/p>\n<p style=\"text-align: left;\"><span style=\"color: #333333;\"><span style=\"font-size: small;\"><span style=\"font-family: Verdana;\">A SPS tem tido aqui um papel importante, n\u00e3o s\u00f3 nas quest\u00f5es lingu\u00edsticas, mas tamb\u00e9m no que toca ao marketing e outras presta\u00e7\u00f5es de servi\u00e7os mais especializadas.<\/span><\/span><\/span><\/p>\n<p style=\"text-align: left;\"><span style=\"font-size: small;\"><strong><a style=\"text-decoration: none; font-family: Verdana;\" href=\"http:\/\/sps-traducoes.com.pt\/wp2\/orcamento-gratuito\/\">Clique\u00a0aqui e solicite-nos um Or\u00e7amento Gratuitamente<\/a><\/strong><span style=\"font-family: Verdana;\">. <span style=\"color: #333333;\">Caso prefira,\u00a0poder-nos-\u00e1 enviar o seu pedido de or\u00e7amento\u00a0atrav\u00e9s do email<\/span> <\/span><strong><a style=\"font-family: Verdana; text-decoration: none;\" href=\"mailto:geral@sps-traducoes.com.pt\">geral@sps-traducoes.com.pt<\/a><\/strong><span style=\"font-family: Verdana; color: #333333;\"> ou atrav\u00e9s\u00a0do telefone\u00a0<span style=\"font-weight: bold;\">00 351 92 926 35 82 ou 00 351 96 357 90 50.<\/span><\/span><\/span><\/p>\n","protected":false},"excerpt":{"rendered":"<p>Pa\u00edses de L\u00edngua Portuguesa A SPS Tradu\u00e7\u00f5es tem sido parceira de neg\u00f3cio nos pa\u00edses de express\u00e3o portuguesa, entre os quais o Brasil, Angola,\u00a0Mo\u00e7ambique, entre outros. Alguns destes pa\u00edses, com o seu crescimento econ\u00f3mico, necessitam de buscar a internacionaliza\u00e7\u00e3o,saltando as fronteiras do seu espa\u00e7o territorial. A SPS tem tido aqui um papel importante, n\u00e3o s\u00f3 nas [&hellip;]<\/p>\n","protected":false},"author":1,"featured_media":0,"parent":50,"menu_order":4,"comment_status":"open","ping_status":"open","template":"","meta":{"footnotes":""},"class_list":["post-107","page","type-page","status-publish","hentry"],"_links":{"self":[{"href":"https:\/\/sps-traducoes.com.pt\/wp2\/wp-json\/wp\/v2\/pages\/107","targetHints":{"allow":["GET"]}}],"collection":[{"href":"https:\/\/sps-traducoes.com.pt\/wp2\/wp-json\/wp\/v2\/pages"}],"about":[{"href":"https:\/\/sps-traducoes.com.pt\/wp2\/wp-json\/wp\/v2\/types\/page"}],"author":[{"embeddable":true,"href":"https:\/\/sps-traducoes.com.pt\/wp2\/wp-json\/wp\/v2\/users\/1"}],"replies":[{"embeddable":true,"href":"https:\/\/sps-traducoes.com.pt\/wp2\/wp-json\/wp\/v2\/comments?post=107"}],"version-history":[{"count":29,"href":"https:\/\/sps-traducoes.com.pt\/wp2\/wp-json\/wp\/v2\/pages\/107\/revisions"}],"predecessor-version":[{"id":2949,"href":"https:\/\/sps-traducoes.com.pt\/wp2\/wp-json\/wp\/v2\/pages\/107\/revisions\/2949"}],"up":[{"embeddable":true,"href":"https:\/\/sps-traducoes.com.pt\/wp2\/wp-json\/wp\/v2\/pages\/50"}],"wp:attachment":[{"href":"https:\/\/sps-traducoes.com.pt\/wp2\/wp-json\/wp\/v2\/media?parent=107"}],"curies":[{"name":"wp","href":"https:\/\/api.w.org\/{rel}","templated":true}]}}