{"id":1487,"date":"2012-06-17T12:09:20","date_gmt":"2012-06-17T11:09:20","guid":{"rendered":"http:\/\/sps-traducoes.com.pt\/wp2\/?page_id=1487"},"modified":"2026-04-12T09:06:51","modified_gmt":"2026-04-12T08:06:51","slug":"contactos","status":"publish","type":"page","link":"https:\/\/sps-traducoes.com.pt\/wp2\/contactos\/","title":{"rendered":"Contactos"},"content":{"rendered":"<p style=\"text-align: center;\"><img loading=\"lazy\" decoding=\"async\" class=\"size-full wp-image-1492 aligncenter\" title=\"Contactos SPS Tradu\u00e7\u00f5es - Tradu\u00e7\u00e3o Jur\u00eddica, Tradu\u00e7\u00e3o T\u00e9cnica, Marketing e Servi\u00e7os\" src=\"http:\/\/sps-traducoes.com.pt\/wp2\/wp-content\/uploads\/2012\/06\/Untitled-11.jpg\" alt=\"Contactos SPS Tradu\u00e7\u00f5es - Tradu\u00e7\u00e3o Jur\u00eddica, Tradu\u00e7\u00e3o T\u00e9cnica, Marketing e Servi\u00e7os\" width=\"630\" height=\"154\" srcset=\"https:\/\/sps-traducoes.com.pt\/wp2\/wp-content\/uploads\/2012\/06\/Untitled-11.jpg 630w, https:\/\/sps-traducoes.com.pt\/wp2\/wp-content\/uploads\/2012\/06\/Untitled-11-300x73.jpg 300w, https:\/\/sps-traducoes.com.pt\/wp2\/wp-content\/uploads\/2012\/06\/Untitled-11-200x48.jpg 200w\" sizes=\"auto, (max-width: 630px) 100vw, 630px\" \/><\/p>\n<p><span style=\"font-size: small;\"><img decoding=\"async\" style=\"font-family: Verdana;\" src=\"http:\/\/sps-traducoes.com.pt\/wp2\/wp-content\/uploads\/2012\/05\/Phone-icon.png\" alt=\"\" \/> <\/span><a style=\"text-decoration: none; color: #ff6600; font-size: medium;\" href=\"tel:00 351 92 926 35 82\"><strong>00 351 92 926 35 82<\/strong><br \/>\n<span style=\"color: #ff6600;\"><span style=\"font-size: x-small;\"><big><span style=\"font-size: medium;\"><span style=\"font-size: x-small;\"><big><img decoding=\"async\" src=\"http:\/\/sps-traducoes.com.pt\/wp2\/wp-content\/uploads\/2012\/05\/Phone-icon.png\" alt=\"\" \/> <\/big><\/span><\/span><\/big><\/span><\/span><\/a><a style=\"text-decoration: none; color: #ff6600; font-size: medium;\" href=\"tel:00 351 96 357 90 50\"><strong>00 351 96 357 90 50<\/strong><br \/>\n<span style=\"font-size: medium; color: #000000;\"><img decoding=\"async\" style=\"width: 14px; height: 14px;\" src=\"http:\/\/sps-traducoes.com.pt\/wp2\/wp-content\/uploads\/2012\/05\/email.png\" alt=\"\" \/> <\/span><\/a><a style=\"text-decoration: none;\" href=\"mailto:geral@sps-traducoes.com.pt\"><span style=\"color: #ff6600; text-decoration: none; font-size: medium;\"><strong>geral@sps-traducoes.com.pt<\/strong><\/span><\/a><\/p>\n<p><big style=\"font-family: Verdana;\"><img decoding=\"async\" src=\"http:\/\/sps-traducoes.com.pt\/wp2\/wp-content\/uploads\/2012\/05\/2-Hot-Home-icon.png\" alt=\"\" \/> <\/big><span style=\"color: #000000;\"><span style=\"font-family: Verdana;\"><strong>Faro: <\/strong>Rua das Ac\u00e1cias N\u00ba 91, 8005-191 Faro<\/span><span style=\"font-family: Verdana;\">, <\/span><span style=\"font-family: Verdana;\">Portugal<\/span><\/span><br \/>\n<big><img decoding=\"async\" src=\"http:\/\/sps-traducoes.com.pt\/wp2\/wp-content\/uploads\/2012\/05\/2-Hot-Home-icon.png\" alt=\"\" \/> <\/big><span style=\"color: #000000;\"><span style=\"font-family: Verdana;\"><strong>Lisboa:<\/strong> Rua Fialho de Almeida, N\u00ba 14 2\u00ba Esquerdo &#8211; Esc. U11<br \/>\n1070-129 Avenidas Novas, Lisboa, Portugal<\/span><\/span><br \/>\n<big><img decoding=\"async\" src=\"http:\/\/sps-traducoes.com.pt\/wp2\/wp-content\/uploads\/2012\/05\/2-Hot-Home-icon.png\" alt=\"\" \/> <\/big><span style=\"color: #000000;\"><span style=\"font-family: Verdana;\"><strong>Lisboa:<\/strong> Espa\u00e7o Amoreiras, LEAP, Rua D. Jo\u00e3o V, n\u00b0 24-1.03,1250-091 Lisboa<\/span><\/span><br \/>\n<big><img decoding=\"async\" src=\"http:\/\/sps-traducoes.com.pt\/wp2\/wp-content\/uploads\/2012\/05\/2-Hot-Home-icon.png\" alt=\"\" \/> <\/big><span style=\"color: #000000;\"><span style=\"font-family: Verdana;\"><strong>Lisboa:<\/strong> Parques das Na\u00e7\u00f5es, Av. Dom Jo\u00e3o II 1.7.2.1 Piso 0, 1990-096 Lisboa<\/span><\/span><br \/>\n<big><img decoding=\"async\" src=\"http:\/\/sps-traducoes.com.pt\/wp2\/wp-content\/uploads\/2012\/05\/2-Hot-Home-icon.png\" alt=\"\" \/> <\/big><span style=\"color: #000000;\"><span style=\"font-family: Verdana;\"><strong>Oeiras:<\/strong> Lagoas Park, Edif\u00edcio 7, Piso 1 Sul, 2740-244 Porto Salvo, Oeiras, Portugal<\/span><\/span><br \/>\n<big><img decoding=\"async\" src=\"http:\/\/sps-traducoes.com.pt\/wp2\/wp-content\/uploads\/2012\/05\/2-Hot-Home-icon.png\" alt=\"\" \/> <\/big><span style=\"color: #000000;\"><span style=\"font-family: Verdana;\"><strong>Corroios:<\/strong> Rua Alberto Serpa 2, Santa Marta do Pinhal, 2855-126 Corroios, Portugal<\/span><\/span><br \/>\n<big><img decoding=\"async\" src=\"http:\/\/sps-traducoes.com.pt\/wp2\/wp-content\/uploads\/2012\/05\/2-Hot-Home-icon.png\" alt=\"\" \/> <\/big><span style=\"color: #000000;\"><span style=\"font-family: Verdana;\"><strong>Set\u00fabal:<\/strong> Rua Dr. Ant\u00f3nio Manuel Gamito, 23 A, 2900-056 Set\u00fabal<\/span><\/span><br \/>\n<big><img decoding=\"async\" src=\"http:\/\/sps-traducoes.com.pt\/wp2\/wp-content\/uploads\/2012\/05\/2-Hot-Home-icon.png\" alt=\"\" \/> <\/big><span style=\"color: #000000;\"><span style=\"font-family: Verdana;\"><strong>Porto:<\/strong> Rua da Boavista N\u00ba 355, 4050-107 Porto<\/span><\/span><br \/>\n<big><img decoding=\"async\" src=\"http:\/\/sps-traducoes.com.pt\/wp2\/wp-content\/uploads\/2012\/05\/2-Hot-Home-icon.png\" alt=\"\" \/> <\/big><span style=\"color: #000000;\"><span style=\"font-family: Verdana;\"><strong>Guimar\u00e3es:<\/strong> Av. Alberto Sampaio 350, 1\u00ba andar, sala 1, 4810-250 Guimar\u00e3es<\/span><\/span><br \/>\n<big><img decoding=\"async\" src=\"http:\/\/sps-traducoes.com.pt\/wp2\/wp-content\/uploads\/2012\/05\/2-Hot-Home-icon.png\" alt=\"\" \/> <\/big><span style=\"color: #000000;\"><span style=\"font-family: Verdana;\"><strong>Braga:<\/strong> R. Cardoso Avelino 21 Sala 2, 4700-212 Braga<\/span><\/span> <big><br \/>\n<img decoding=\"async\" src=\"http:\/\/sps-traducoes.com.pt\/wp2\/wp-content\/uploads\/2012\/05\/2-Hot-Home-icon.png\" alt=\"\" \/> <\/big><span style=\"color: #000000;\"><span style=\"font-family: Verdana;\"><strong>Leiria:<\/strong> Estr. de S\u00e3o Tiago 376, 2415-543 Leiria<\/span><\/span><br \/>\n<img decoding=\"async\" src=\"http:\/\/sps-traducoes.com.pt\/wp2\/wp-content\/uploads\/2012\/05\/2-Hot-Home-icon.png\" alt=\"\" \/> <span style=\"color: #000000;\"><span style=\"font-family: Verdana;\"><strong>Coimbra:<\/strong> Avenida da Guarda Inglesa N\u00ba 27, 3040-193 Coimbra<\/span><\/span><br \/>\n<big><img decoding=\"async\" src=\"http:\/\/sps-traducoes.com.pt\/wp2\/wp-content\/uploads\/2012\/05\/2-Hot-Home-icon.png\" alt=\"\" \/> <\/big><span style=\"color: #000000;\"><span style=\"font-family: Verdana;\"><strong>Funchal:<\/strong> Rua das Merc\u00eas N\u00ba 41, 9000-224 Funchal<\/span><\/span><br \/>\n<big><img decoding=\"async\" src=\"http:\/\/sps-traducoes.com.pt\/wp2\/wp-content\/uploads\/2012\/05\/2-Hot-Home-icon.png\" alt=\"\" \/> <\/big><span style=\"color: #000000;\"><span style=\"font-family: Verdana;\"><strong>A\u00e7ores:<\/strong> Av. Dom Jo\u00e3o III 33 S1, 9500-789 Ponta Delgada, A\u00e7ores<\/span><\/span><br \/>\n<big><img decoding=\"async\" src=\"http:\/\/sps-traducoes.com.pt\/wp2\/wp-content\/uploads\/2012\/05\/2-Hot-Home-icon.png\" alt=\"\" \/> <\/big><span style=\"color: #000000;\"><span style=\"font-family: Verdana;\"><strong>\u00c9vora:<\/strong> Tv. do Cavaco 26, 7000-841 \u00c9vora<\/span><\/span><br \/>\n<big><img decoding=\"async\" src=\"http:\/\/sps-traducoes.com.pt\/wp2\/wp-content\/uploads\/2012\/05\/2-Hot-Home-icon.png\" alt=\"\" \/> <\/big><span style=\"color: #000000;\"><span style=\"font-family: Verdana;\"><strong>Beja:<\/strong> Av. Miguel Fernandes 27 A, 7800-396 Beja<\/span><\/span><\/p>\n<div style=\"float: left; width: 300px;\">\n<h4>Faro<\/h4>\n<p><iframe loading=\"lazy\" style=\"border: 0;\" src=\"https:\/\/www.google.com\/maps\/embed?pb=!1m14!1m8!1m3!1d3184.5642399421586!2d-7.9700485!3d37.044035099999995!3m2!1i1024!2i768!4f13.1!3m3!1m2!1s0xd1ab2a4caf1ae47%3A0x49ef41039abbf32c!2sRua+das+Ac%C3%A1cias+91%2C+8005-226+Faro%2C+Portugal!5e0!3m2!1sen!2suk!4v1414015182389\" width=\"300\" height=\"300\" frameborder=\"0\"><\/iframe><\/p>\n<\/div>\n<div style=\"float: right; width: 300px;\">\n<h4>Lisboa<\/h4>\n<p><iframe loading=\"lazy\" style=\"border: 0;\" src=\"https:\/\/www.google.com\/maps\/embed?pb=!1m16!1m12!1m3!1d3112.2832231266216!2d-9.156255999999996!3d38.73426250000001!2m3!1f0!2f0!3f0!3m2!1i1024!2i768!4f13.1!2m1!1sRua+Fialho+de+Almeida%2C+n%C2%BA14!5e0!3m2!1sen!2suk!4v1413997537170\" width=\"300\" height=\"300\" frameborder=\"0\"><\/iframe><\/p>\n<\/div>\n<div style=\"float: left; width: 300px;\">\n<h4>Lisboa<\/h4>\n<p><iframe loading=\"lazy\" style=\"border: 0;\" src=\"https:\/\/www.google.com\/maps\/embed?pb=!1m18!1m12!1m3!1d3112.874499181065!2d-9.161949784244953!3d38.720690264944984!2m3!1f0!2f0!3f0!3m2!1i1024!2i768!4f13.1!3m3!1m2!1s0xd193365182880c3%3A0x162639653a6e42e4!2sEspa%C3%A7o%20Amoreiras%20Centro%20Empresarial!5e0!3m2!1sen!2spt!4v1649153532387!5m2!1sen!2spt\" width=\"300\" height=\"300\" frameborder=\"0\"><\/iframe><\/p>\n<\/div>\n<div style=\"float: right; width: 300px;\">\n<h4>Lisboa<\/h4>\n<p><iframe loading=\"lazy\" style=\"border: 0;\" src=\"https:\/\/www.google.com\/maps\/embed?pb=!1m18!1m12!1m3!1d3110.663735152899!2d-9.099864823659535!3d38.77141595412715!2m3!1f0!2f0!3f0!3m2!1i1024!2i768!4f13.1!3m3!1m2!1s0xd1931b0bb2c4727%3A0xe353211f674180d8!2sAvila%20Spaces!5e0!3m2!1sen!2sit!4v1737877642224!5m2!1sen!2sit\" width=\"300\" height=\"300\" frameborder=\"0\"><\/iframe><\/p>\n<\/div>\n<div style=\"float: left; width: 300px;\">\n<h4>Oeiras<\/h4>\n<p><iframe loading=\"lazy\" style=\"border: 0;\" src=\"https:\/\/www.google.com\/maps\/embed?pb=!1m18!1m12!1m3!1d3113.194755570853!2d-9.312334784655073!3d38.7133373795995!2m3!1f0!2f0!3f0!3m2!1i1024!2i768!4f13.1!3m3!1m2!1s0xd1ecec48637810f%3A0x6685d0f63086e242!2sLagoas%20Park!5e0!3m2!1sen!2spt!4v1636295092776!5m2!1sen!2spt\" width=\"300\" height=\"300\" frameborder=\"0\"><\/iframe><\/p>\n<\/div>\n<div style=\"float: right; width: 300px;\">\n<h4>Corroios<\/h4>\n<p><iframe loading=\"lazy\" style=\"border: 0;\" src=\"https:\/\/www.google.com\/maps\/embed?pb=!1m18!1m12!1m3!1d3116.8775837892945!2d-9.156781423664752!3d38.62869716251324!2m3!1f0!2f0!3f0!3m2!1i1024!2i768!4f13.1!3m3!1m2!1s0xd194a8280b42b8d%3A0x3ee4fdc0f40d9f4d!2sR.%20Alberto%20de%20Serpa%202%2C%202855-126%20Corroios%2C%20Portugal!5e0!3m2!1sen!2sit!4v1737877437257!5m2!1sen!2sit\" width=\"300\" height=\"300\" frameborder=\"0\"><\/iframe><\/p>\n<\/div>\n<div style=\"float: left; width: 300px;\">\n<h4>Set\u00fabal<\/h4>\n<p><iframe loading=\"lazy\" style=\"border: 0;\" src=\"https:\/\/www.google.com\/maps\/embed?pb=!1m18!1m12!1m3!1d3121.046916273063!2d-8.893117023668303!3d38.53268666814073!2m3!1f0!2f0!3f0!3m2!1i1024!2i768!4f13.1!3m3!1m2!1s0xd1943af9ba18803%3A0x1b02a38c66bac753!2sR.%20Dr.%20Ant%C3%B3nio%20Manuel%20Gamito%2023A%2C%202900-056%20Set%C3%BAbal%2C%20Portugal!5e0!3m2!1sen!2sit!4v1737877545164!5m2!1sen!2sit\" width=\"300\" height=\"300\" frameborder=\"0\"><\/iframe><\/p>\n<\/div>\n<div style=\"float: right; width: 300px;\">\n<h4>Porto<\/h4>\n<p><iframe loading=\"lazy\" style=\"border: 0;\" src=\"https:\/\/www.google.com\/maps\/embed?pb=!1m16!1m12!1m3!1d1502.0106696174412!2d-8.6175798!3d41.155885699999985!2m3!1f0!2f0!3f0!3m2!1i1024!2i768!4f13.1!2m1!1sRua+da+Boavista+porto!5e0!3m2!1spt-PT!2spt!4v1423004028426\" width=\"300\" height=\"300\" frameborder=\"0\"><\/iframe><\/p>\n<\/div>\n<div style=\"float: left; width: 300px;\">\n<h4>Guimar\u00e3es<\/h4>\n<p><iframe loading=\"lazy\" style=\"border: 0;\" src=\"https:\/\/www.google.com\/maps\/embed?pb=!1m18!1m12!1m3!1d3547.654045463043!2d-8.293719623558008!3d41.44404919247805!2m3!1f0!2f0!3f0!3m2!1i1024!2i768!4f13.1!3m3!1m2!1s0xd24efea35de0377%3A0x2925682e736165!2sAv.%20Alberto%20Sampaio%20350%201%C2%BA%20andar%2C%20sala%201%2C%204810-250%20Guimar%C3%A3es!5e1!3m2!1spt-PT!2spt!4v1775981008708!5m2!1spt-PT!2spt\" width=\"300\" height=\"300\" frameborder=\"0\"><\/iframe><\/p>\n<\/div>\n<div style=\"float: right; width: 300px;\">\n<h4>Braga<\/h4>\n<p><iframe loading=\"lazy\" style=\"border: 0;\" src=\"https:\/\/www.google.com\/maps\/embed?pb=!1m18!1m12!1m3!1d3541.958077655512!2d-8.435292723553925!3d41.548124786008955!2m3!1f0!2f0!3f0!3m2!1i1024!2i768!4f13.1!3m3!1m2!1s0xd24fedc52f3af8b%3A0x7d913c393d6d1f3c!2sR.%20Cardoso%20Avelino%2021%20Sala%202%2C%204700-212%20Braga!5e1!3m2!1spt-PT!2spt!4v1775980873233!5m2!1spt-PT!2spt\" width=\"300\" height=\"300\" frameborder=\"0\"><\/iframe><\/p>\n<\/div>\n<div style=\"float: left; width: 300px;\">\n<h4>Leiria<\/h4>\n<p><iframe loading=\"lazy\" style=\"border: 0;\" src=\"https:\/\/www.google.com\/maps\/embed?pb=!1m18!1m12!1m3!1d3066.94917638121!2d-8.80180082362258!3d39.763249495152586!2m3!1f0!2f0!3f0!3m2!1i1024!2i768!4f13.1!3m3!1m2!1s0xd22730448542bff%3A0xf300498e56653d03!2sEstr.%20de%20S%C3%A3o%20Tiago%20376%2C%202415-543%20Leiria%2C%20Portogallo!5e0!3m2!1sit!2sit!4v1745303989019!5m2!1sit!2sit\" width=\"300\" height=\"300\" frameborder=\"0\"><\/iframe><\/p>\n<\/div>\n<div style=\"float: right; width: 300px;\">\n<h4>Coimbra<\/h4>\n<p><iframe loading=\"lazy\" style=\"border: 0;\" src=\"https:\/\/www.google.com\/maps\/embed?pb=!1m18!1m12!1m3!1d3047.1729349729853!2d-8.436321974250337!3d40.20521596037521!2m3!1f0!2f0!3f0!3m2!1i1024!2i768!4f13.1!3m3!1m2!1s0xd22f9e8953d3d71%3A0x24b35ae2ea66039b!2sAv.%20da%20Guarda%20Inglesa%2027%2C%203040-193%20Coimbra!5e0!3m2!1sen!2spt!4v1620565353450!5m2!1sen!2spt\" width=\"300\" height=\"300\" frameborder=\"0\"><\/iframe><\/p>\n<\/div>\n<div style=\"float: left; width: 300px;\">\n<h4>Funchal<\/h4>\n<p><iframe loading=\"lazy\" style=\"border: 0;\" src=\"https:\/\/www.google.com\/maps\/embed?pb=!1m18!1m12!1m3!1d3359.304290014489!2d-16.91376918482118!3d32.65134578101021!2m3!1f0!2f0!3f0!3m2!1i1024!2i768!4f13.1!3m3!1m2!1s0xc606009e5779607%3A0x38c6a8cfd3c1e408!2sR.%20das%20Merc%C3%AAs%2041%2C%209000-036%20Funchal!5e0!3m2!1sen!2spt!4v1620565810195!5m2!1sen!2spt\" width=\"300\" height=\"300\" frameborder=\"0\"><\/iframe><\/p>\n<\/div>\n<div style=\"float: right; width: 300px;\">\n<h4>A\u00e7ores<\/h4>\n<p><iframe loading=\"lazy\" style=\"border: 0;\" src=\"https:\/\/www.google.com\/maps\/embed?pb=!1m18!1m12!1m3!1d3154.8317461783026!2d-25.659814623696658!3d37.74709131375352!2m3!1f0!2f0!3f0!3m2!1i1024!2i768!4f13.1!3m3!1m2!1s0xb5cd5341f48602d%3A0x3e0d986be6375ca4!2sunOffice%2C%20D.%20Jo%C3%A3o%20III%2C%20Av.%20Dom%20Jo%C3%A3o%20III%2033%20S1%2C%209500-789%20Ponta%20Delgada%2C%20Portogallo!5e0!3m2!1sit!2sit!4v1745304097341!5m2!1sit!2sit\" width=\"300\" height=\"300\" frameborder=\"0\"><\/iframe><\/p>\n<\/div>\n<div style=\"float: left; width: 300px;\">\n<h4>\u00c9vora<\/h4>\n<p><iframe loading=\"lazy\" style=\"border: 0;\" src=\"https:\/\/www.google.com\/maps\/embed?pb=!1m18!1m12!1m3!1d3119.44199640982!2d-7.908718200000001!3d38.5696683!2m3!1f0!2f0!3f0!3m2!1i1024!2i768!4f13.1!3m3!1m2!1s0xd19e4dc727e99d7%3A0x42e79ea66ce5ea81!2sTv.%20do%20Cavaco%2026%2C%207000-681%20%C3%89vora!5e0!3m2!1spt-PT!2spt!4v1697526276803!5m2!1spt-PT!2spt\" width=\"300\" height=\"300\" frameborder=\"0\"><\/iframe><\/p>\n<\/div>\n<div style=\"float: right; width: 300px;\">\n<h4>Beja<\/h4>\n<p><iframe loading=\"lazy\" style=\"border: 0;\" src=\"https:\/\/www.google.com\/maps\/embed?pb=!1m18!1m12!1m3!1d3143.3715206717648!2d-7.867183699999999!3d38.0151174!2m3!1f0!2f0!3f0!3m2!1i1024!2i768!4f13.1!3m3!1m2!1s0xd1a7481363aa573%3A0xf2f3547af84b0229!2sAv.%20Miguel%20Fernandes%2027A%2C%207800-396%20Beja!5e0!3m2!1spt-PT!2spt!4v1702204433182!5m2!1spt-PT!2spt\" width=\"300\" height=\"300\" frameborder=\"0\"><\/iframe><\/p>\n<\/div>\n","protected":false},"excerpt":{"rendered":"<p>00 351 92 926 35 82 00 351 96 357 90 50 geral@sps-traducoes.com.pt Faro: Rua das Ac\u00e1cias N\u00ba 91, 8005-191 Faro, Portugal Lisboa: Rua Fialho de Almeida, N\u00ba 14 2\u00ba Esquerdo &#8211; Esc. U11 1070-129 Avenidas Novas, Lisboa, Portugal Lisboa: Espa\u00e7o Amoreiras, LEAP, Rua D. Jo\u00e3o V, n\u00b0 24-1.03,1250-091 Lisboa Lisboa: Parques das Na\u00e7\u00f5es, Av. [&hellip;]<\/p>\n","protected":false},"author":1,"featured_media":0,"parent":0,"menu_order":0,"comment_status":"open","ping_status":"open","template":"","meta":{"footnotes":""},"class_list":["post-1487","page","type-page","status-publish","hentry"],"_links":{"self":[{"href":"https:\/\/sps-traducoes.com.pt\/wp2\/wp-json\/wp\/v2\/pages\/1487","targetHints":{"allow":["GET"]}}],"collection":[{"href":"https:\/\/sps-traducoes.com.pt\/wp2\/wp-json\/wp\/v2\/pages"}],"about":[{"href":"https:\/\/sps-traducoes.com.pt\/wp2\/wp-json\/wp\/v2\/types\/page"}],"author":[{"embeddable":true,"href":"https:\/\/sps-traducoes.com.pt\/wp2\/wp-json\/wp\/v2\/users\/1"}],"replies":[{"embeddable":true,"href":"https:\/\/sps-traducoes.com.pt\/wp2\/wp-json\/wp\/v2\/comments?post=1487"}],"version-history":[{"count":416,"href":"https:\/\/sps-traducoes.com.pt\/wp2\/wp-json\/wp\/v2\/pages\/1487\/revisions"}],"predecessor-version":[{"id":3496,"href":"https:\/\/sps-traducoes.com.pt\/wp2\/wp-json\/wp\/v2\/pages\/1487\/revisions\/3496"}],"wp:attachment":[{"href":"https:\/\/sps-traducoes.com.pt\/wp2\/wp-json\/wp\/v2\/media?parent=1487"}],"curies":[{"name":"wp","href":"https:\/\/api.w.org\/{rel}","templated":true}]}}