{"id":1518,"date":"2012-07-06T10:14:25","date_gmt":"2012-07-06T09:14:25","guid":{"rendered":"http:\/\/sps-traducoes.com.pt\/wp2\/?page_id=1518"},"modified":"2017-08-24T13:07:22","modified_gmt":"2017-08-24T12:07:22","slug":"traducao-generica","status":"publish","type":"page","link":"https:\/\/sps-traducoes.com.pt\/wp2\/servicos\/traducao-generica\/","title":{"rendered":"Tradu\u00e7\u00e3o Gen\u00e9rica"},"content":{"rendered":"<p><img loading=\"lazy\" decoding=\"async\" class=\"size-full wp-image-1537 alignnone\" title=\"Tradu\u00e7\u00e3o Gen\u00e9rica\" alt=\"Tradu\u00e7\u00e3o Gen\u00e9rica\" src=\"http:\/\/sps-traducoes.com.pt\/wp2\/wp-content\/uploads\/2012\/07\/Untitled-2.jpg\" width=\"630\" height=\"147\" srcset=\"https:\/\/sps-traducoes.com.pt\/wp2\/wp-content\/uploads\/2012\/07\/Untitled-2.jpg 630w, https:\/\/sps-traducoes.com.pt\/wp2\/wp-content\/uploads\/2012\/07\/Untitled-2-300x70.jpg 300w, https:\/\/sps-traducoes.com.pt\/wp2\/wp-content\/uploads\/2012\/07\/Untitled-2-200x46.jpg 200w\" sizes=\"auto, (max-width: 630px) 100vw, 630px\" \/><\/p>\n<p style=\"text-align: left;\"><span style=\"color: #333333;\"><span style=\"font-family: Verdana; font-size: small;\">A tradu\u00e7\u00e3o tem sido para n\u00f3s um campo de elei\u00e7\u00e3o, contando com profissionais com provas dadas \u00abin house\u00bb. Os nossos linguistas s\u00e3o muito especializados em cada \u00e1rea de trabalho (Direito, Economia, Engenharias, Turismo, etc), o que para n\u00f3s se afigura condi\u00e7\u00e3o \u00absine qua non\u00bb para aceitarmos qualquer trabalho. Apenas trabalhamos com nativos na l\u00edngua de destino, apresentando\u00a0<\/span><span style=\"font-family: Verdana; font-size: small;\">um produto final que vai ao encontro das exig\u00eancias de qualquer cliente.<\/span><\/span><\/p>\n<p style=\"text-align: left;\"><span style=\"font-size: small;\"><strong><a style=\"text-decoration: none; font-family: Verdana;\" href=\"http:\/\/sps-traducoes.com.pt\/wp2\/orcamento-gratuito\/\">Clique\u00a0aqui e solicite-nos um Or\u00e7amento Gratuitamente<\/a><\/strong><span style=\"font-family: Verdana;\">. <span style=\"color: #333333;\">Caso prefira,\u00a0poder-nos-\u00e1 enviar o seu pedido de or\u00e7amento\u00a0atrav\u00e9s do email<\/span> <\/span><strong><a style=\"font-family: Verdana; text-decoration: none;\" href=\"mailto:geral@sps-traducoes.com.pt\">geral@sps-traducoes.com.pt<\/a><\/strong><span style=\"font-family: Verdana; color: #333333;\"> ou atrav\u00e9s\u00a0do telefone\u00a0<span style=\"font-weight: bold;\">00 351 92 926 35 82 ou 00 351 96 357 90 50.<\/span><\/span><\/span><\/p>\n","protected":false},"excerpt":{"rendered":"<p>A tradu\u00e7\u00e3o tem sido para n\u00f3s um campo de elei\u00e7\u00e3o, contando com profissionais com provas dadas \u00abin house\u00bb. Os nossos linguistas s\u00e3o muito especializados em cada \u00e1rea de trabalho (Direito, Economia, Engenharias, Turismo, etc), o que para n\u00f3s se afigura condi\u00e7\u00e3o \u00absine qua non\u00bb para aceitarmos qualquer trabalho. Apenas trabalhamos com nativos na l\u00edngua de [&hellip;]<\/p>\n","protected":false},"author":1,"featured_media":0,"parent":50,"menu_order":0,"comment_status":"open","ping_status":"open","template":"","meta":{"footnotes":""},"class_list":["post-1518","page","type-page","status-publish","hentry"],"_links":{"self":[{"href":"https:\/\/sps-traducoes.com.pt\/wp2\/wp-json\/wp\/v2\/pages\/1518","targetHints":{"allow":["GET"]}}],"collection":[{"href":"https:\/\/sps-traducoes.com.pt\/wp2\/wp-json\/wp\/v2\/pages"}],"about":[{"href":"https:\/\/sps-traducoes.com.pt\/wp2\/wp-json\/wp\/v2\/types\/page"}],"author":[{"embeddable":true,"href":"https:\/\/sps-traducoes.com.pt\/wp2\/wp-json\/wp\/v2\/users\/1"}],"replies":[{"embeddable":true,"href":"https:\/\/sps-traducoes.com.pt\/wp2\/wp-json\/wp\/v2\/comments?post=1518"}],"version-history":[{"count":32,"href":"https:\/\/sps-traducoes.com.pt\/wp2\/wp-json\/wp\/v2\/pages\/1518\/revisions"}],"predecessor-version":[{"id":2946,"href":"https:\/\/sps-traducoes.com.pt\/wp2\/wp-json\/wp\/v2\/pages\/1518\/revisions\/2946"}],"up":[{"embeddable":true,"href":"https:\/\/sps-traducoes.com.pt\/wp2\/wp-json\/wp\/v2\/pages\/50"}],"wp:attachment":[{"href":"https:\/\/sps-traducoes.com.pt\/wp2\/wp-json\/wp\/v2\/media?parent=1518"}],"curies":[{"name":"wp","href":"https:\/\/api.w.org\/{rel}","templated":true}]}}