{"id":1548,"date":"2012-07-06T16:06:20","date_gmt":"2012-07-06T15:06:20","guid":{"rendered":"http:\/\/sps-traducoes.com.pt\/wp2\/?page_id=1548"},"modified":"2017-08-24T13:07:45","modified_gmt":"2017-08-24T12:07:45","slug":"traducao-de-websites","status":"publish","type":"page","link":"https:\/\/sps-traducoes.com.pt\/wp2\/servicos\/traducao-de-websites\/","title":{"rendered":"Tradu\u00e7\u00e3o de Websites"},"content":{"rendered":"<p><img loading=\"lazy\" decoding=\"async\" class=\"size-full wp-image-1553 alignnone\" title=\"Tradu\u00e7\u00e3o de Websites - SPS Tradu\u00e7\u00f5es\" alt=\"Tradu\u00e7\u00e3o de Websites - SPS Tradu\u00e7\u00f5es\" src=\"http:\/\/sps-traducoes.com.pt\/wp2\/wp-content\/uploads\/2012\/07\/Untitled-1.jpg\" width=\"630\" height=\"147\" srcset=\"https:\/\/sps-traducoes.com.pt\/wp2\/wp-content\/uploads\/2012\/07\/Untitled-1.jpg 630w, https:\/\/sps-traducoes.com.pt\/wp2\/wp-content\/uploads\/2012\/07\/Untitled-1-300x70.jpg 300w, https:\/\/sps-traducoes.com.pt\/wp2\/wp-content\/uploads\/2012\/07\/Untitled-1-200x46.jpg 200w\" sizes=\"auto, (max-width: 630px) 100vw, 630px\" \/><\/p>\n<p style=\"text-align: left;\"><span style=\"font-family: Verdana; font-size: small; color: #333333;\">Traduzimos na \u00edntegra websites, contribuindo para a expans\u00e3o internacional de qualquer neg\u00f3cio. Como se sabe, a internet \u00e9 um ve\u00edculo de comunica\u00e7\u00e3o empresarial de baixo custo, podendo chegar a uma generalidade de consumidores. O alargamento desse grupo potencial passa pela tradu\u00e7\u00e3o dos conte\u00fados nele existentes. Como tal, aplica-se aqui tudo o que foi dito acima sobre a tradu\u00e7\u00e3o em geral.<\/span><\/p>\n<p style=\"text-align: left;\"><span style=\"font-size: small;\"><strong><a style=\"text-decoration: none; font-family: Verdana;\" href=\"http:\/\/sps-traducoes.com.pt\/wp2\/orcamento-gratuito\/\">Clique\u00a0aqui e solicite-nos um Or\u00e7amento Gratuitamente<\/a><\/strong><span style=\"font-family: Verdana;\">. <span style=\"color: #333333;\">Caso prefira,\u00a0poder-nos-\u00e1 enviar o seu pedido de or\u00e7amento\u00a0atrav\u00e9s do email<\/span> <\/span><strong><a style=\"font-family: Verdana; text-decoration: none;\" href=\"mailto:geral@sps-traducoes.com.pt\">geral@sps-traducoes.com.pt<\/a><\/strong><span style=\"font-family: Verdana; color: #333333;\"> ou atrav\u00e9s\u00a0do telefone\u00a0<span style=\"font-weight: bold;\">00 351 92 926 35 82 ou 00 351 96 357 90 50.<\/span><\/span><\/span><\/p>\n","protected":false},"excerpt":{"rendered":"<p>Traduzimos na \u00edntegra websites, contribuindo para a expans\u00e3o internacional de qualquer neg\u00f3cio. Como se sabe, a internet \u00e9 um ve\u00edculo de comunica\u00e7\u00e3o empresarial de baixo custo, podendo chegar a uma generalidade de consumidores. O alargamento desse grupo potencial passa pela tradu\u00e7\u00e3o dos conte\u00fados nele existentes. Como tal, aplica-se aqui tudo o que foi dito acima [&hellip;]<\/p>\n","protected":false},"author":1,"featured_media":0,"parent":50,"menu_order":0,"comment_status":"open","ping_status":"open","template":"","meta":{"footnotes":""},"class_list":["post-1548","page","type-page","status-publish","hentry"],"_links":{"self":[{"href":"https:\/\/sps-traducoes.com.pt\/wp2\/wp-json\/wp\/v2\/pages\/1548","targetHints":{"allow":["GET"]}}],"collection":[{"href":"https:\/\/sps-traducoes.com.pt\/wp2\/wp-json\/wp\/v2\/pages"}],"about":[{"href":"https:\/\/sps-traducoes.com.pt\/wp2\/wp-json\/wp\/v2\/types\/page"}],"author":[{"embeddable":true,"href":"https:\/\/sps-traducoes.com.pt\/wp2\/wp-json\/wp\/v2\/users\/1"}],"replies":[{"embeddable":true,"href":"https:\/\/sps-traducoes.com.pt\/wp2\/wp-json\/wp\/v2\/comments?post=1548"}],"version-history":[{"count":15,"href":"https:\/\/sps-traducoes.com.pt\/wp2\/wp-json\/wp\/v2\/pages\/1548\/revisions"}],"predecessor-version":[{"id":2947,"href":"https:\/\/sps-traducoes.com.pt\/wp2\/wp-json\/wp\/v2\/pages\/1548\/revisions\/2947"}],"up":[{"embeddable":true,"href":"https:\/\/sps-traducoes.com.pt\/wp2\/wp-json\/wp\/v2\/pages\/50"}],"wp:attachment":[{"href":"https:\/\/sps-traducoes.com.pt\/wp2\/wp-json\/wp\/v2\/media?parent=1548"}],"curies":[{"name":"wp","href":"https:\/\/api.w.org\/{rel}","templated":true}]}}