{"id":1558,"date":"2012-07-06T16:44:27","date_gmt":"2012-07-06T15:44:27","guid":{"rendered":"http:\/\/sps-traducoes.com.pt\/wp2\/?page_id=1558"},"modified":"2014-10-22T18:00:40","modified_gmt":"2014-10-22T17:00:40","slug":"servicos-de-marketing","status":"publish","type":"page","link":"https:\/\/sps-traducoes.com.pt\/wp2\/servicos\/servicos-de-marketing\/","title":{"rendered":"Servi\u00e7os de Marketing"},"content":{"rendered":"<p><img loading=\"lazy\" decoding=\"async\" class=\"size-full wp-image-1553 alignnone\" title=\"Servi\u00e7os de Marketing - SPS Tradu\u00e7\u00f5es\" src=\"http:\/\/sps-traducoes.com.pt\/wp2\/wp-content\/uploads\/2010\/06\/SERVICES.jpg\" alt=\"Servi\u00e7os de Marketing - SPS Tradu\u00e7\u00f5es\" width=\"630\" height=\"147\" \/><\/p>\n<p style=\"text-align: left;\"><span style=\"font-family: Verdana; font-size: small; color: #333333;\">O marketing \u00e9 um conjunto de opera\u00e7\u00f5es atrav\u00e9s das quais um empres\u00e1rio ou um qualquer profissional liberal chega ao consumidor ou a um grupo de potenciais consumidores. Na nossa empresa contamos com gestores de marketing muito especializados, capacitados para a gest\u00e3o de campanhas de Email Marketing (envio massivo de emails, segundo as normas actualmente em vigor), cria\u00e7\u00e3o de websites, cria\u00e7\u00e3o de conte\u00fados originais para esses websites de acordo com a &#8220;Search Engine Optimization&#8221;, de modo a que os websites apare\u00e7am nos primeiros lugares do motor de busca. Tamb\u00e9m fazemos gest\u00e3o de campanhas Adwords, cria\u00e7\u00e3o de banners, log\u00f3tipos, design original de cart\u00f5es de visita, entre outros servi\u00e7os.\u00a0<\/span><\/p>\n<p style=\"text-align: left;\"><span style=\"font-size: small;\"><strong><a style=\"text-decoration: none; font-family: Verdana;\" href=\"http:\/\/sps-traducoes.com.pt\/wp2\/orcamento-gratuito\/\">Clique\u00a0aqui e solicite-nos um Or\u00e7amento Gratuitamente<\/a><\/strong><span style=\"font-family: Verdana;\">. <span style=\"color: #333333;\">Caso prefira,\u00a0poder-nos-\u00e1 enviar o seu pedido de or\u00e7amento\u00a0atrav\u00e9s do email<\/span> <\/span><strong><a style=\"font-family: Verdana; text-decoration: none;\" href=\"mailto:geral@sps-traducoes.com.pt\">geral@sps-traducoes.com.pt<\/a><\/strong><span style=\"font-family: Verdana; color: #333333;\"> ou atrav\u00e9s\u00a0do telefone\u00a0<span style=\"font-weight: bold;\">00 351 92 926 35 82 ou 00 351 96 357 90 50.<\/span><\/span><\/span><\/p>\n","protected":false},"excerpt":{"rendered":"<p>O marketing \u00e9 um conjunto de opera\u00e7\u00f5es atrav\u00e9s das quais um empres\u00e1rio ou um qualquer profissional liberal chega ao consumidor ou a um grupo de potenciais consumidores. Na nossa empresa contamos com gestores de marketing muito especializados, capacitados para a gest\u00e3o de campanhas de Email Marketing (envio massivo de emails, segundo as normas actualmente em [&hellip;]<\/p>\n","protected":false},"author":1,"featured_media":0,"parent":50,"menu_order":0,"comment_status":"open","ping_status":"open","template":"","meta":{"footnotes":""},"class_list":["post-1558","page","type-page","status-publish","hentry"],"_links":{"self":[{"href":"https:\/\/sps-traducoes.com.pt\/wp2\/wp-json\/wp\/v2\/pages\/1558","targetHints":{"allow":["GET"]}}],"collection":[{"href":"https:\/\/sps-traducoes.com.pt\/wp2\/wp-json\/wp\/v2\/pages"}],"about":[{"href":"https:\/\/sps-traducoes.com.pt\/wp2\/wp-json\/wp\/v2\/types\/page"}],"author":[{"embeddable":true,"href":"https:\/\/sps-traducoes.com.pt\/wp2\/wp-json\/wp\/v2\/users\/1"}],"replies":[{"embeddable":true,"href":"https:\/\/sps-traducoes.com.pt\/wp2\/wp-json\/wp\/v2\/comments?post=1558"}],"version-history":[{"count":40,"href":"https:\/\/sps-traducoes.com.pt\/wp2\/wp-json\/wp\/v2\/pages\/1558\/revisions"}],"predecessor-version":[{"id":2665,"href":"https:\/\/sps-traducoes.com.pt\/wp2\/wp-json\/wp\/v2\/pages\/1558\/revisions\/2665"}],"up":[{"embeddable":true,"href":"https:\/\/sps-traducoes.com.pt\/wp2\/wp-json\/wp\/v2\/pages\/50"}],"wp:attachment":[{"href":"https:\/\/sps-traducoes.com.pt\/wp2\/wp-json\/wp\/v2\/media?parent=1558"}],"curies":[{"name":"wp","href":"https:\/\/api.w.org\/{rel}","templated":true}]}}