{"id":2345,"date":"2012-10-25T20:39:18","date_gmt":"2012-10-25T19:39:18","guid":{"rendered":"http:\/\/sps-traducoes.com.pt\/wp2\/?page_id=2345"},"modified":"2024-10-31T22:15:19","modified_gmt":"2024-10-31T22:15:19","slug":"websites-low-cost","status":"publish","type":"page","link":"https:\/\/sps-traducoes.com.pt\/wp2\/servicos\/websites-low-cost\/","title":{"rendered":"Websites Low Cost"},"content":{"rendered":"<p><img loading=\"lazy\" decoding=\"async\" class=\"alignnone size-full wp-image-2346\" title=\"Websites Low Cost - SPS Tradu\u00e7\u00f5es\" src=\"http:\/\/sps-traducoes.com.pt\/wp2\/wp-content\/uploads\/2012\/10\/WEBSITES-LOWCOST.jpg\" alt=\"Websites Low Cost - SPS Tradu\u00e7\u00f5es\" width=\"630\" height=\"184\" srcset=\"https:\/\/sps-traducoes.com.pt\/wp2\/wp-content\/uploads\/2012\/10\/WEBSITES-LOWCOST.jpg 630w, https:\/\/sps-traducoes.com.pt\/wp2\/wp-content\/uploads\/2012\/10\/WEBSITES-LOWCOST-300x87.jpg 300w, https:\/\/sps-traducoes.com.pt\/wp2\/wp-content\/uploads\/2012\/10\/WEBSITES-LOWCOST-200x58.jpg 200w\" sizes=\"auto, (max-width: 630px) 100vw, 630px\" \/><\/p>\n<h3>Desenvolvimento de Websites Low Cost<\/h3>\n<h4><span style=\"color: #000000;\">1. O Nosso Conceito<\/span><\/h4>\n<p style=\"font-family: Verdana; text-align: left;\"><span style=\"color: #000000; font-size: small;\"> Hoje em dia, com a transforma\u00e7\u00e3o da sociedade de consumo na \u00faltima d\u00e9cada, h\u00e1 cada vez menos neg\u00f3cios que funcionam exclusivamente offline, sendo que a esmagadora maioria tem uma presen\u00e7a online.<\/span><\/p>\n<p style=\"font-family: Verdana; text-align: left;\"><span style=\"color: #000000; font-size: small;\"> Mas n\u00e3o chega ter uma presen\u00e7a online. N\u00e3o chega ter uma mentalidade \u201cme too\u201d. H\u00e1 que buscar a diferencia\u00e7\u00e3o. E essa diferencia\u00e7\u00e3o s\u00f3 vem com uma imagem distinta, cuidada e orientada para aquilo que o cliente procura.<\/span><\/p>\n<p style=\"font-family: Verdana; text-align: left;\"><span style=\"color: #000000; font-size: small;\"> De todo o modo, reconhe\u00e7amos, ter um website profissional poder\u00e1 acarretar, n\u00e3o raras vezes, custos que n\u00e3o s\u00e3o suport\u00e1veis para pequenas empresas ou pequenos empres\u00e1rios em nome individual.<\/span><\/p>\n<p style=\"font-family: Verdana; text-align: left;\"><span style=\"color: #000000; font-size: small;\"> E foi precisamente a pensar nessa realidade que a \u201cSPS Tradu\u00e7\u00f5es \u2013 Tradu\u00e7\u00e3o, Marketing e Servi\u00e7os\u201d investiu muito do seu tempo no sentido de alcan\u00e7ar plataformas profissionais e totalmente customiz\u00e1veis para a instala\u00e7\u00e3o de websites.<\/span><\/p>\n<p style=\"font-family: Verdana; text-align: left;\"><span style=\"color: #000000; font-size: small;\"> Falamos, claro est\u00e1, de websites low cost, mantendo um esp\u00edrito corporativo, de neg\u00f3cio, de branding, apelando \u00e0 aquisi\u00e7\u00e3o, pelo cliente, de bens e servi\u00e7os que tenha para oferecer. \u00c9 isso, afinal, que as empresas necessitam, ainda mais em \u00e9poca de crise.<\/span><\/p>\n<h4><span style=\"color: #000000;\">2. Estrutura dos nossos websites Low Cost<\/span><\/h4>\n<p style=\"font-family: Verdana; text-align: left;\"><span style=\"color: #000000; font-size: small;\"> Os nossos websites, de que o nosso \u00e9 exemplo paradigm\u00e1tico, podem apresentar diversas p\u00e1ginas, dentro da linha mais adequada ao neg\u00f3cio em si. Caso a sua empresa n\u00e3o tenha qualquer imagem, ou a queira simplesmente renovar, a SPS poder\u00e1 dar uma preciosa ajuda, indo ao encontro das suas necessidades.<\/span><\/p>\n<p style=\"font-family: Verdana; text-align: left;\"><span style=\"color: #000000; font-size: small;\"> Os nossos websites low cost apresentam imagens de alta qualidade e resolu\u00e7\u00e3o, p\u00e1ginas informativas, menus, submenus, log\u00f3tipo (caso n\u00e3o o tenha ou queira que o fa\u00e7amos por si) e banners rotativos, com as men\u00e7\u00f5es que desejar.<\/span><\/p>\n<h4><span style=\"color: #000000;\">3. Conte\u00fados originais<\/span><\/h4>\n<p style=\"font-family: Verdana; text-align: left;\"><span style=\"color: #000000; font-size: small;\"> E em rela\u00e7\u00e3o ao conte\u00fado dos sites?<\/span><\/p>\n<p style=\"font-family: Verdana; text-align: left;\"><span style=\"color: #000000; font-size: small;\"> Se desejar, poder\u00e1 entregar \u00e0 nossa equipa de redactores profissionais a redac\u00e7\u00e3o de textos em l\u00edngua portuguesa ou estrangeira, conforme o caso. Caso j\u00e1 tenha conte\u00fados para o site, \u00e9 sempre recomend\u00e1vel que seja feita uma revis\u00e3o cuidada a fim de se evitar lapsos de escrita, frases mal constru\u00eddas, erros ortogr\u00e1ficos, etc etc.<\/span><\/p>\n<p style=\"font-family: Verdana; text-align: left;\"><span style=\"color: #000000; font-size: small;\"> Por outro lado, e ainda quanto ao conte\u00fado, poder\u00e1 convir introduzir determinadas palavras-chave no texto de modo a facilitar o aparecimento do site nos motores de busca, especialmente no Google. Por exemplo se a sua empresa vende aspiradores, poder\u00e1 ser feito algum trabalho para que quem pesquisa no Google por \u201caspiradores\u201d possa encontrar o seu site mais facilmente, aumentando-se exponencialmente as chances de venda. Chama-se a isto Optimiza\u00e7\u00e3o Para Motores de Busca ou, em ingl\u00eas, SEO, ou seja, Search Engine Optimization.<\/span><\/p>\n<h4><span style=\"color: #000000;\">4. Website noutros idiomas a fim de atingir outros mercados e maximizar lucros<\/span><\/h4>\n<p style=\"font-family: Verdana; text-align: left;\"><span style=\"color: #000000; font-size: small;\"> Sendo n\u00f3s vocacionados para a \u00e1rea da tradu\u00e7\u00e3o, o seu site poder\u00e1 nascer de raiz com outras vers\u00f5es em diversos idiomas (Ingl\u00eas, Franc\u00eas, Espanhol, Alem\u00e3o, Mandarim, etc). Ter um website noutros idiomas tem sido uma vantagem para alguns dos nossos clientes que assim o podem promover nos mais diversos mercados e oferecer bens e servi\u00e7os \u00e0 escala global. Nem ser\u00e1 preciso referir que, no que toca a factura\u00e7\u00e3o, poderemos estar a falar de duplica\u00e7\u00e3o ou triplica\u00e7\u00e3o de resultados.<\/span><\/p>\n<h4><span style=\"color: #000000;\">5. Alojamento, Dom\u00ednio e Contas de Email<\/span><\/h4>\n<p style=\"font-family: Verdana; text-align: left;\"><span style=\"color: #000000; font-size: small;\"> Tamb\u00e9m tratamos para si da quest\u00e3o do alojamento e do dom\u00ednio, para que n\u00e3o tenha com o que se incomodar. Fazemos todas as configura\u00e7\u00f5es necess\u00e1rias para que o website esteja totalmente a funcionar. Com o dom\u00ednio ter\u00e1 contas de email personalizadas, o que contribuir\u00e1 para uma imagem profissional muito cred\u00edvel.<\/span><\/p>\n<p>&nbsp;<\/p>\n","protected":false},"excerpt":{"rendered":"<p>Desenvolvimento de Websites Low Cost 1. O Nosso Conceito Hoje em dia, com a transforma\u00e7\u00e3o da sociedade de consumo na \u00faltima d\u00e9cada, h\u00e1 cada vez menos neg\u00f3cios que funcionam exclusivamente offline, sendo que a esmagadora maioria tem uma presen\u00e7a online. Mas n\u00e3o chega ter uma presen\u00e7a online. N\u00e3o chega ter uma mentalidade \u201cme too\u201d. H\u00e1 [&hellip;]<\/p>\n","protected":false},"author":1,"featured_media":0,"parent":50,"menu_order":0,"comment_status":"open","ping_status":"open","template":"","meta":{"footnotes":""},"class_list":["post-2345","page","type-page","status-publish","hentry"],"_links":{"self":[{"href":"https:\/\/sps-traducoes.com.pt\/wp2\/wp-json\/wp\/v2\/pages\/2345","targetHints":{"allow":["GET"]}}],"collection":[{"href":"https:\/\/sps-traducoes.com.pt\/wp2\/wp-json\/wp\/v2\/pages"}],"about":[{"href":"https:\/\/sps-traducoes.com.pt\/wp2\/wp-json\/wp\/v2\/types\/page"}],"author":[{"embeddable":true,"href":"https:\/\/sps-traducoes.com.pt\/wp2\/wp-json\/wp\/v2\/users\/1"}],"replies":[{"embeddable":true,"href":"https:\/\/sps-traducoes.com.pt\/wp2\/wp-json\/wp\/v2\/comments?post=2345"}],"version-history":[{"count":19,"href":"https:\/\/sps-traducoes.com.pt\/wp2\/wp-json\/wp\/v2\/pages\/2345\/revisions"}],"predecessor-version":[{"id":3403,"href":"https:\/\/sps-traducoes.com.pt\/wp2\/wp-json\/wp\/v2\/pages\/2345\/revisions\/3403"}],"up":[{"embeddable":true,"href":"https:\/\/sps-traducoes.com.pt\/wp2\/wp-json\/wp\/v2\/pages\/50"}],"wp:attachment":[{"href":"https:\/\/sps-traducoes.com.pt\/wp2\/wp-json\/wp\/v2\/media?parent=2345"}],"curies":[{"name":"wp","href":"https:\/\/api.w.org\/{rel}","templated":true}]}}