{"id":2364,"date":"2012-10-25T23:03:54","date_gmt":"2012-10-25T22:03:54","guid":{"rendered":"http:\/\/sps-traducoes.com.pt\/wp2\/?page_id=2364"},"modified":"2017-08-24T11:40:37","modified_gmt":"2017-08-24T10:40:37","slug":"garantia-de-satisfacao","status":"publish","type":"page","link":"https:\/\/sps-traducoes.com.pt\/wp2\/sps-traducoes\/garantia-de-satisfacao\/","title":{"rendered":"Garantia de Satisfa\u00e7\u00e3o"},"content":{"rendered":"<p><img loading=\"lazy\" decoding=\"async\" class=\"alignnone  wp-image-2365\" title=\"SATISFA\u00c7\u00c3O GARANTIDA SPS TRADU\u00c7\u00d5ES\" alt=\"SATISFA\u00c7\u00c3O GARANTIDA SPS TRADU\u00c7\u00d5ES\" src=\"http:\/\/sps-traducoes.com.pt\/wp2\/wp-content\/uploads\/2012\/10\/SATISFA\u00c7\u00c3O.jpg\" width=\"180\" height=\"180\" srcset=\"https:\/\/sps-traducoes.com.pt\/wp2\/wp-content\/uploads\/2012\/10\/SATISFA\u00c7\u00c3O.jpg 200w, https:\/\/sps-traducoes.com.pt\/wp2\/wp-content\/uploads\/2012\/10\/SATISFA\u00c7\u00c3O-150x150.jpg 150w\" sizes=\"auto, (max-width: 180px) 100vw, 180px\" \/><\/p>\n<h3>Garantia de Satisfa\u00e7\u00e3o<\/h3>\n<p style=\"font-family: Verdana; text-align: left;\"><span style=\"color: #000000; font-size: small;\"> A<strong> &#8220;SPS Tradu\u00e7\u00f5es&#8221;<\/strong> &#8211; empresa de tradu\u00e7\u00e3o, marketing e outros servi\u00e7os oferece servi\u00e7os de tradu\u00e7\u00e3o e de marketing de elevada qualidade, cuidando de acompanhar plenamente o processo e usando um controlo apertado para que os trabalhos n\u00e3o apresentem quaisquer falhas.<\/span><\/p>\n<p style=\"font-family: Verdana; text-align: left;\"><span style=\"color: #000000; font-size: small;\"> H\u00e1 alguns pontos, quanto \u00e0 tradu\u00e7\u00e3o, mat\u00e9ria mais sens\u00edvel, que gostar\u00edamos de aprofundar e esclarecer os nossos clientes:<\/span><\/p>\n<p style=\"font-family: Verdana; text-align: left;\"><span style=\"color: #000000; font-size: small;\"> &#8211; A revis\u00e3o e eventuais correc\u00e7\u00f5es est\u00e3o inclu\u00eddas no or\u00e7amento apresentado ao cliente, n\u00e3o sendo cobrados quaisquer valores adicionais.<\/span><\/p>\n<p style=\"font-family: Verdana; text-align: left;\"><span style=\"color: #000000; font-size: small;\"> &#8211; Na tradu\u00e7\u00e3o t\u00e9cnica (M\u00e9dica, Comercial, Financeira, etc) e na tradu\u00e7\u00e3o jur\u00eddica controlamos plenamente o uso da terminologia adequada, a fim de garantirmos um trabalho final muito rigoroso, respeitando a subst\u00e2ncia a ele inerente.<\/span><\/p>\n<p style=\"font-family: Verdana; text-align: left;\"><span style=\"color: #000000; font-size: small;\"> &#8211; Os nossos tradutores, mais de 250 profissionais, s\u00e3o nativos na l\u00edngua de chegada e apenas estes trabalham no documento da tradu\u00e7\u00e3o.<\/span><\/p>\n<p style=\"font-family: Verdana; text-align: left;\"><span style=\"color: #000000; font-size: small;\"> &#8211; Garantimos satisfa\u00e7\u00e3o e um servi\u00e7o de excel\u00eancia, privilegiando a comunica\u00e7\u00e3o directa e imediata com o cliente, de modo a que o trabalho reflicta as melhores expectativas.<\/span><\/p>\n","protected":false},"excerpt":{"rendered":"<p>Garantia de Satisfa\u00e7\u00e3o A &#8220;SPS Tradu\u00e7\u00f5es&#8221; &#8211; empresa de tradu\u00e7\u00e3o, marketing e outros servi\u00e7os oferece servi\u00e7os de tradu\u00e7\u00e3o e de marketing de elevada qualidade, cuidando de acompanhar plenamente o processo e usando um controlo apertado para que os trabalhos n\u00e3o apresentem quaisquer falhas. H\u00e1 alguns pontos, quanto \u00e0 tradu\u00e7\u00e3o, mat\u00e9ria mais sens\u00edvel, que gostar\u00edamos de [&hellip;]<\/p>\n","protected":false},"author":1,"featured_media":0,"parent":85,"menu_order":0,"comment_status":"open","ping_status":"open","template":"","meta":{"footnotes":""},"class_list":["post-2364","page","type-page","status-publish","hentry"],"_links":{"self":[{"href":"https:\/\/sps-traducoes.com.pt\/wp2\/wp-json\/wp\/v2\/pages\/2364","targetHints":{"allow":["GET"]}}],"collection":[{"href":"https:\/\/sps-traducoes.com.pt\/wp2\/wp-json\/wp\/v2\/pages"}],"about":[{"href":"https:\/\/sps-traducoes.com.pt\/wp2\/wp-json\/wp\/v2\/types\/page"}],"author":[{"embeddable":true,"href":"https:\/\/sps-traducoes.com.pt\/wp2\/wp-json\/wp\/v2\/users\/1"}],"replies":[{"embeddable":true,"href":"https:\/\/sps-traducoes.com.pt\/wp2\/wp-json\/wp\/v2\/comments?post=2364"}],"version-history":[{"count":5,"href":"https:\/\/sps-traducoes.com.pt\/wp2\/wp-json\/wp\/v2\/pages\/2364\/revisions"}],"predecessor-version":[{"id":2597,"href":"https:\/\/sps-traducoes.com.pt\/wp2\/wp-json\/wp\/v2\/pages\/2364\/revisions\/2597"}],"up":[{"embeddable":true,"href":"https:\/\/sps-traducoes.com.pt\/wp2\/wp-json\/wp\/v2\/pages\/85"}],"wp:attachment":[{"href":"https:\/\/sps-traducoes.com.pt\/wp2\/wp-json\/wp\/v2\/media?parent=2364"}],"curies":[{"name":"wp","href":"https:\/\/api.w.org\/{rel}","templated":true}]}}