{"id":2370,"date":"2012-10-25T23:07:57","date_gmt":"2012-10-25T22:07:57","guid":{"rendered":"http:\/\/sps-traducoes.com.pt\/wp2\/?page_id=2370"},"modified":"2017-08-24T11:44:22","modified_gmt":"2017-08-24T10:44:22","slug":"garantia-do-melhor-preco","status":"publish","type":"page","link":"https:\/\/sps-traducoes.com.pt\/wp2\/sps-traducoes\/garantia-do-melhor-preco\/","title":{"rendered":"Garantia do Melhor Pre\u00e7o"},"content":{"rendered":"<p><img loading=\"lazy\" decoding=\"async\" class=\"alignnone size-full wp-image-2371\" title=\"Garantia do Melhor Pre\u00e7o SPS Tradu\u00e7\u00f5es\" src=\"http:\/\/sps-traducoes.com.pt\/wp2\/wp-content\/uploads\/2012\/10\/PRE\u00c7O-GARANTIDO.jpg\" alt=\"Garantia do Melhor Pre\u00e7o SPS Tradu\u00e7\u00f5es\" width=\"200\" height=\"152\" \/><\/p>\n<h3>Garantia\u00a0do Melhor Pre\u00e7o<\/h3>\n<p style=\"font-family: Verdana; text-decoration: none; text-align: left;\"><span style=\"font-size: small; color: #000000;\"><span style=\"font-size: small;\"> O nosso pre\u00e7o situa-se garantidamente abaixo do valor apresentado pelas empresas de tradu\u00e7\u00e3o de refer\u00eancia em Portugal, sem perda de qualidade. Quanto a isto, algumas notas de esclarecimento ao cliente:<\/span><\/span><\/p>\n<p style=\"font-family: Verdana; text-decoration: none; text-align: left;\"><strong><span style=\"font-size: small; color: #000000;\"><span style=\"font-size: small;\"> &#8211; Os nossos or\u00e7amentos s\u00e3o sempre gratuitos.<\/span><\/span><\/strong><\/p>\n<p style=\"font-family: Verdana; text-decoration: none; text-align: left;\"><strong><span style=\"font-size: small; color: #000000;\"><span style=\"font-size: small;\"> &#8211; O valor dos nossos or\u00e7amentos tende a descer consideravelmente em trabalhos de elevado volume.<\/span><\/span><\/strong><\/p>\n<p style=\"font-family: Verdana; text-decoration: none; text-align: left;\"><strong><span style=\"font-size: small; color: #000000;\"><span style=\"font-size: small;\">&#8211; Estamos receptivos a parcerias com empresas no sentido de ser acertado um valor por palavra mais baixo no contexto de trabalho regular.<\/span><\/span><\/strong><\/p>\n<p style=\"font-family: Verdana; text-decoration: none; text-align: left;\"><strong><span style=\"font-size: small; color: #000000;\"><span style=\"font-size: small;\">&#8211; Como se disse acima, e aqui se reafirma, as revis\u00f5es e eventuais correc\u00e7\u00f5es est\u00e3o inclu\u00eddas no valor inicial or\u00e7amentado.<\/span><\/span><\/strong><\/p>\n<p style=\"font-family: Verdana; text-decoration: none; text-align: left;\"><strong><span style=\"font-size: small; color: #000000;\"><span style=\"font-size: small;\">&#8211; Uma equipa de linguistas ocupa-se da tradu\u00e7\u00e3o e revis\u00e3o, trabalhando em conjunto, de modo a serem cumpridos prazos apertados, sem altera\u00e7\u00e3o do pre\u00e7o.<\/span><\/span><\/strong><\/p>\n","protected":false},"excerpt":{"rendered":"<p>Garantia\u00a0do Melhor Pre\u00e7o O nosso pre\u00e7o situa-se garantidamente abaixo do valor apresentado pelas empresas de tradu\u00e7\u00e3o de refer\u00eancia em Portugal, sem perda de qualidade. Quanto a isto, algumas notas de esclarecimento ao cliente: &#8211; Os nossos or\u00e7amentos s\u00e3o sempre gratuitos. &#8211; O valor dos nossos or\u00e7amentos tende a descer consideravelmente em trabalhos de elevado volume. [&hellip;]<\/p>\n","protected":false},"author":1,"featured_media":0,"parent":85,"menu_order":0,"comment_status":"open","ping_status":"open","template":"","meta":{"footnotes":""},"class_list":["post-2370","page","type-page","status-publish","hentry"],"_links":{"self":[{"href":"https:\/\/sps-traducoes.com.pt\/wp2\/wp-json\/wp\/v2\/pages\/2370","targetHints":{"allow":["GET"]}}],"collection":[{"href":"https:\/\/sps-traducoes.com.pt\/wp2\/wp-json\/wp\/v2\/pages"}],"about":[{"href":"https:\/\/sps-traducoes.com.pt\/wp2\/wp-json\/wp\/v2\/types\/page"}],"author":[{"embeddable":true,"href":"https:\/\/sps-traducoes.com.pt\/wp2\/wp-json\/wp\/v2\/users\/1"}],"replies":[{"embeddable":true,"href":"https:\/\/sps-traducoes.com.pt\/wp2\/wp-json\/wp\/v2\/comments?post=2370"}],"version-history":[{"count":16,"href":"https:\/\/sps-traducoes.com.pt\/wp2\/wp-json\/wp\/v2\/pages\/2370\/revisions"}],"predecessor-version":[{"id":2943,"href":"https:\/\/sps-traducoes.com.pt\/wp2\/wp-json\/wp\/v2\/pages\/2370\/revisions\/2943"}],"up":[{"embeddable":true,"href":"https:\/\/sps-traducoes.com.pt\/wp2\/wp-json\/wp\/v2\/pages\/85"}],"wp:attachment":[{"href":"https:\/\/sps-traducoes.com.pt\/wp2\/wp-json\/wp\/v2\/media?parent=2370"}],"curies":[{"name":"wp","href":"https:\/\/api.w.org\/{rel}","templated":true}]}}