{"id":2498,"date":"2013-08-26T16:35:57","date_gmt":"2013-08-26T15:35:57","guid":{"rendered":"http:\/\/sps-traducoes.com.pt\/wp2\/?page_id=2498"},"modified":"2022-08-24T17:39:37","modified_gmt":"2022-08-24T16:39:37","slug":"traducoes-certificadas","status":"publish","type":"page","link":"https:\/\/sps-traducoes.com.pt\/wp2\/sps-traducoes\/traducoes-certificadas\/","title":{"rendered":"Tradu\u00e7\u00f5es Certificadas"},"content":{"rendered":"<h3 style=\"text-align: left;\">Tradu\u00e7\u00f5es Certificadas<\/h3>\n<p style=\"text-align: left;\"><span style=\"color: #333333;\"><span style=\"font-size: small;\"><span style=\"font-family: Verdana;\">A \u201cSPS Tradu\u00e7\u00f5es \u2013 Tradu\u00e7\u00e3o, Marketing e Servi\u00e7os\u201d tem dispon\u00edveis aos seus clientes tradu\u00e7\u00f5es certificadas. As nossas tradu\u00e7\u00f5es certificadas, tanto se destinam a Portugal, como a pa\u00edses estrangeiros, nomeadamente aqueles pa\u00edses que assinaram a Conven\u00e7\u00e3o de Haia de 1961.<\/span><\/span><\/span><\/p>\n<h4 style=\"text-align: left;\">Tradu\u00e7\u00f5es Certificadas (documentos com validade em Portugal)<\/h4>\n<p style=\"text-align: left;\"><span style=\"color: #333333;\"><span style=\"font-size: small;\"><span style=\"font-family: Verdana;\">Quanto \u00e0s tradu\u00e7\u00f5es oficiais (tradu\u00e7\u00f5es certificadas) que se destinam a Portugal, o processo de certifica\u00e7\u00e3o ocorre em Cart\u00f3rio Notarial ou em Escrit\u00f3rio de Advogados (a SPS Tradu\u00e7\u00f5es tem parceria com dois escrit\u00f3rios de advogados em Portugal: \u201cMNM \u2013 Advogados em Lisboa\u201d e \u201cNC Legal Advogados\u201d). O documento de tradu\u00e7\u00e3o tem, uma vez certificado, o mesmo valor do documento de origem. A certifica\u00e7\u00e3o segue todos os tr\u00e2mites legais, especialmente os dispostos no Decreto-lei n.\u00ba 237\/2001 de 30 de Agosto.<\/span><\/span><\/span><\/p>\n<h4 style=\"text-align: left;\">Tradu\u00e7\u00f5es certificadas destinadas a pa\u00edses que assinaram a Conven\u00e7\u00e3o de Haia de 1961 &#8211; Legaliza\u00e7\u00e3o por Apostilha (ou Apostila)<\/h4>\n<p style=\"text-align: left;\"><span style=\"color: #333333;\"><span style=\"font-size: small;\"><span style=\"font-family: Verdana;\">Uma vez realizada a tradu\u00e7\u00e3o e a certifica\u00e7\u00e3o interna nos termos acima mencionados, haver\u00e1 que legalizar todo esse processo para que possa ter validade externa nos pa\u00edses que assinaram a Conven\u00e7\u00e3o de Haia. <\/span><\/span><\/span><\/p>\n<p style=\"text-align: left;\"><span style=\"color: #333333;\"><span style=\"font-size: small;\"><span style=\"font-family: Verdana;\">Os pa\u00edses signat\u00e1rios desta importante conven\u00e7\u00e3o s\u00e3o: \u00c1frica do Sul, Alb\u00e2nia, Alemanha, Andorra, Ant\u00edgua e Barbuda, Argentina, Arm\u00e9nia, Austr\u00e1lia, \u00c1ustria, Azerbaij\u00e3o, Bahamas, Barbados, Bielorr\u00fassia, B\u00e9lgica, Belize, B\u00f3snia e Herzegovina, Botsuana, Brunei, Bulg\u00e1ria, Cabo Verde, Cazaquist\u00e3o, Col\u00f4mbia, Ilhas Cook, Coreia do Sul, Costa Rica, Cro\u00e1cia, Chipre, Rep\u00fablica Checa, Dinamarca, Dominica, Rep\u00fablica Dominicana, Equador, El Salvador, Eslov\u00e1quia, Espanha, Estados Unidos da Am\u00e9rica, Est\u00f3nia, Ilhas Fiji, Finl\u00e2ndia, Fran\u00e7a, Ge\u00f3rgia, Gr\u00e9cia, Granada, Honduras, Hong Kong, Hungria, \u00cdndia, Isl\u00e2ndia, Irlanda, Israel, It\u00e1lia, Jap\u00e3o, Lesoto, Let\u00f3nia, Lib\u00e9ria, Liechtenstein, Litu\u00e2nia, Luxemburgo, Mal\u00e1ui, Malta, Ilhas Marshall, Macau, Maur\u00edcio (Ilhas Maur\u00edcias), M\u00e9xico, Mold\u00e1via, M\u00f3naco, Montenegro, Nam\u00edbia, Nova Zel\u00e2ndia, Niue, Noruega, Pa\u00edses Baixos (Holanda), Panam\u00e1, Peru, Pol\u00f3nia, Portugal, Quirguist\u00e3o, Reino Unido, Rep\u00fablica Dominicana, Rom\u00e9nia, R\u00fassia, Saint Kitts e Nevis, Santa L\u00facia, S\u00e3o Vicente e Granadinas, Samoa, San Marino, S\u00e9rvia, Suriname, Suazil\u00e2ndia, Su\u00e9cia, Su\u00ed\u00e7a, Antiga Rep\u00fablica Jugoslava da Maced\u00f3nia, Tonga, Trinidad e Tobago, Turquia, Ucr\u00e2nia, Uruguai, Vanuatu e Venezuela.<\/span><\/span><\/span><\/p>\n<p style=\"text-align: left;\"><span style=\"color: #333333;\"><span style=\"font-size: small;\"><span style=\"font-family: Verdana;\">Este processo ocorre no Tribunal da Rela\u00e7\u00e3o competente (Tribunal Superior), na sec\u00e7\u00e3o da Procuradoria-Geral da Rep\u00fablica, de acordo com o Decreto-Lei n\u00ba 48.450 de 24 de Junho de 1968.<\/span><\/span><\/span><\/p>\n<h4 style=\"text-align: left;\">Tradu\u00e7\u00f5es certificadas que sejam destinadas a pa\u00edses que n\u00e3o tenham assinado a Conven\u00e7\u00e3o de Haia de 1961<\/h4>\n<p style=\"text-align: left;\"><span style=\"color: #333333;\"><span style=\"font-size: small;\"><span style=\"font-family: Verdana;\">Muitos pa\u00edses, consoante as situa\u00e7\u00f5es, apenas requerem certifica\u00e7\u00e3o simples, efectuada pelo pr\u00f3prio tradutor, desde que devidamente identificado.<\/span><\/span><\/span><\/p>\n<p style=\"text-align: left;\"><span style=\"color: #333333;\"><span style=\"font-size: small;\"><span style=\"font-family: Verdana;\">Noutros caso haver\u00e1 que indagar junto da Embaixada do pa\u00eds de destino da tradu\u00e7\u00e3o quais os procedimentos que devem ser seguidos para que se alcance a validade externa da tradu\u00e7\u00e3o. Por vezes esses pa\u00edses requerem que o Minist\u00e9rio dos Neg\u00f3cios Estrangeiros portugu\u00eas autentique tais documentos, sendo os mesmos posteriormente certificados pe\u00e7a respectiva Embaixada ou Consulado, consoante os casos.<\/span><\/span><\/span><\/p>\n<p style=\"text-align: left;\"><span style=\"color: #333333;\"><span style=\"font-size: small;\"><span style=\"font-family: Verdana;\">A SPS Tradu\u00e7\u00f5es trata de todo o processo relativo a certifica\u00e7\u00f5es oficiais, enviando os documentos de tradu\u00e7\u00e3o e respectiva certifica\u00e7\u00e3o para o endere\u00e7o postal indicado pelo cliente, que seja em Portugal ou no Estrangeiro.<\/span><\/span><\/span><\/p>\n<p style=\"text-align: left;\"><span style=\"font-size: small;\"><strong><a style=\"text-decoration: none; font-family: Verdana;\" href=\"http:\/\/sps-traducoes.com.pt\/wp2\/orcamento-gratuito\/\">Clique\u00a0aqui e solicite-nos um Or\u00e7amento Gratuitamente<\/a><\/strong><span style=\"font-family: Verdana;\">. <span style=\"color: #333333;\">Caso prefira,\u00a0poder-nos-\u00e1 enviar o seu pedido de or\u00e7amento\u00a0atrav\u00e9s do email<\/span> <\/span><strong><a style=\"font-family: Verdana; text-decoration: none;\" href=\"mailto:geral@sps-traducoes.com.pt\">geral@sps-traducoes.com.pt<\/a><\/strong><span style=\"font-family: Verdana; color: #333333;\"> ou atrav\u00e9s\u00a0do telefone\u00a0<span style=\"font-weight: bold;\">00 351 92 926 35 82 ou 00 351 96 357 90 50.<\/span><\/span><\/span><\/p>\n","protected":false},"excerpt":{"rendered":"<p>Tradu\u00e7\u00f5es Certificadas A \u201cSPS Tradu\u00e7\u00f5es \u2013 Tradu\u00e7\u00e3o, Marketing e Servi\u00e7os\u201d tem dispon\u00edveis aos seus clientes tradu\u00e7\u00f5es certificadas. As nossas tradu\u00e7\u00f5es certificadas, tanto se destinam a Portugal, como a pa\u00edses estrangeiros, nomeadamente aqueles pa\u00edses que assinaram a Conven\u00e7\u00e3o de Haia de 1961. Tradu\u00e7\u00f5es Certificadas (documentos com validade em Portugal) Quanto \u00e0s tradu\u00e7\u00f5es oficiais (tradu\u00e7\u00f5es certificadas) que [&hellip;]<\/p>\n","protected":false},"author":1,"featured_media":0,"parent":85,"menu_order":0,"comment_status":"open","ping_status":"open","template":"","meta":{"footnotes":""},"class_list":["post-2498","page","type-page","status-publish","hentry"],"_links":{"self":[{"href":"https:\/\/sps-traducoes.com.pt\/wp2\/wp-json\/wp\/v2\/pages\/2498","targetHints":{"allow":["GET"]}}],"collection":[{"href":"https:\/\/sps-traducoes.com.pt\/wp2\/wp-json\/wp\/v2\/pages"}],"about":[{"href":"https:\/\/sps-traducoes.com.pt\/wp2\/wp-json\/wp\/v2\/types\/page"}],"author":[{"embeddable":true,"href":"https:\/\/sps-traducoes.com.pt\/wp2\/wp-json\/wp\/v2\/users\/1"}],"replies":[{"embeddable":true,"href":"https:\/\/sps-traducoes.com.pt\/wp2\/wp-json\/wp\/v2\/comments?post=2498"}],"version-history":[{"count":12,"href":"https:\/\/sps-traducoes.com.pt\/wp2\/wp-json\/wp\/v2\/pages\/2498\/revisions"}],"predecessor-version":[{"id":3263,"href":"https:\/\/sps-traducoes.com.pt\/wp2\/wp-json\/wp\/v2\/pages\/2498\/revisions\/3263"}],"up":[{"embeddable":true,"href":"https:\/\/sps-traducoes.com.pt\/wp2\/wp-json\/wp\/v2\/pages\/85"}],"wp:attachment":[{"href":"https:\/\/sps-traducoes.com.pt\/wp2\/wp-json\/wp\/v2\/media?parent=2498"}],"curies":[{"name":"wp","href":"https:\/\/api.w.org\/{rel}","templated":true}]}}