{"id":2974,"date":"2018-05-24T22:04:34","date_gmt":"2018-05-24T21:04:34","guid":{"rendered":"https:\/\/sps-traducoes.com.pt\/wp2\/?page_id=2974"},"modified":"2022-03-22T10:44:26","modified_gmt":"2022-03-22T10:44:26","slug":"politica-de-protecao-de-dados","status":"publish","type":"page","link":"https:\/\/sps-traducoes.com.pt\/wp2\/sps-traducoes\/politica-de-protecao-de-dados\/","title":{"rendered":"Pol\u00edtica de Prote\u00e7\u00e3o de Dados"},"content":{"rendered":"\r\n<h3>Pol\u00edtica de Prote\u00e7\u00e3o de Dados<\/h3>\r\n<p style=\"font-family: Verdana; text-align: left;\"><span style=\"color: #000000; font-size: small;\">1. No \u00e2mbito do Regime Geral de Prote\u00e7\u00e3o de Dados (RGPD), Regulamento UE 2016\/679 de 27.04.2016.<\/span><\/p>\r\n<p style=\"font-family: Verdana; text-align: left;\"><span style=\"color: #000000; font-size: small;\"><br \/>2. A SPS Tradu\u00e7\u00f5es adere, na \u00edntegra, ao diploma legal supracitado, no sentido de garantir a prote\u00e7\u00e3o dos dados pessoais dos utilizadores no nosso website e dos nossos clientes.<\/span><\/p>\r\n<p style=\"font-family: Verdana; text-align: left;\"><span style=\"color: #000000; font-size: small;\"><br \/>3. Ao entrar no nosso site e a usufruir de algum dos nossos servi\u00e7os, V. Exa. autoriza que os seus dados pessoais sejam tratados conforme descrito nesta Pol\u00edtica. O uso do nosso Site e a utiliza\u00e7\u00e3o dos nossos servi\u00e7os est\u00e1 sujeito aos termos desta Pol\u00edtica.<\/span><\/p>\r\n<p style=\"font-family: Verdana; text-align: left;\"><span style=\"color: #000000; font-size: small;\"><br \/>4. Todo o tratamento de dados pessoais, (fora do \u00e2mbito profissional e relativos a pessoas singulares), t\u00eam a autoriza\u00e7\u00e3o pr\u00e9via e expressa dos seus titulares para a finalidade espec\u00edfica a que se destina.<\/span><\/p>\r\n<p style=\"font-family: Verdana; text-align: left;\"><span style=\"color: #000000; font-size: small;\"><br \/>5. Quanto aos dados pessoais, poderemos tratar efetuar o tratamento de Dados de Uso do website SPS Tradu\u00e7\u00f5es (informa\u00e7\u00e3o de IP, cookies ou outros, que utilizaremos para fins estat\u00edsticos), Dados de conta (o seu nome e endere\u00e7o de email, etc.), Dados de perfil pessoal (nome, morada, n\u00famero de telefone, endere\u00e7o de email, fotos, g\u00e9nero, data de nascimento, estado civil, e outros), Dados relativos ao pedido (pedidos de or\u00e7amento ou outros) e ainda Dados para pagamento ou fatura\u00e7\u00e3o.<\/span><\/p>\r\n<p style=\"font-family: Verdana; text-align: left;\"><span style=\"color: #000000; font-size: small;\"><br \/>6. Todos os colaboradores internos da SPS Tradu\u00e7\u00f5es est\u00e3o obrigados e vinculados \u00e0 Pol\u00edtica de Prote\u00e7\u00e3o de dados pessoais, elaborada nos termos da RGPD (Regulamento UE 2016\/679 de 27.04.2016). Assim, o tratamento de dados pessoais \u00e9 feito no seu \u00e2mbito profissional e para fins exclusivamente profissionais.<\/span><\/p>\r\n<p style=\"font-family: Verdana; text-align: left;\"><span style=\"color: #000000; font-size: small;\"><br \/>7. A nossa contabilidade externa tamb\u00e9m est\u00e1 vinculada \u00e0 nossa Pol\u00edtica, n\u00e3o obstante ela mesma ter a sua pr\u00f3pria pol\u00edtica, que n\u00e3o contraria a nossa.<\/span><\/p>\r\n<p style=\"font-family: Verdana; text-align: left;\"><span style=\"color: #000000; font-size: small;\"><br \/>8. Ao fornecer os seus dados pessoais atrav\u00e9s de qualquer formul\u00e1rio eletr\u00f3nico (ou email), o utilizador autoriza o tratamento dos referidos dados para fins profissionais e nos termos da presente pol\u00edtica de tratamento de dados pessoais.<\/span><\/p>\r\n<p style=\"font-family: Verdana; text-align: left;\"><span style=\"color: #000000; font-size: small;\"><br \/>9. O cliente declara que autoriza o tratamento de dados pessoais aquando do envio do pedido de or\u00e7amento, sendo essa autoriza\u00e7\u00e3o extens\u00edvel \u00e0s consequentes propostas de or\u00e7amento.<\/span><\/p>\r\n<p style=\"font-family: Verdana; text-align: left;\"><span style=\"color: #000000; font-size: small;\"><br \/>10. Toda a documenta\u00e7\u00e3o enviada \u00e0 SPS Tradu\u00e7\u00f5es \u00e9 destru\u00edda ap\u00f3s a finalidade a que se destina ser cumprida. Apenas manteremos os dados de perfil e fatura\u00e7\u00e3o (Ficha de cliente), nos termos deste Pol\u00edtica.<\/span><\/p>\r\n<p style=\"font-family: Verdana; text-align: left;\"><span style=\"color: #000000; font-size: small;\"><br \/>11. A SPS Tradu\u00e7\u00f5es garante ainda o Direito de Acesso, Retifica\u00e7\u00e3o, Limita\u00e7\u00e3o, Portabilidade, Oposi\u00e7\u00e3o e Apagamento (ou Esquecimento).<\/span><\/p>\r\n<h3>Cookies<\/h3>\r\n<p style=\"font-family: Verdana; text-align: left;\"><span style=\"color: #000000; font-size: small;\"><br \/>O nosso website utiliza cookies. S\u00e3o pequenos ficheiros de texto que ficam armazenados no seu dispositivo aquando da utiliza\u00e7\u00e3o do browser. Utilizamos cookies para melhorar a qualidade e oferecer uma melhor experi\u00eancia no nosso website. Alguns cookies permanecem armazenados no seu dispositivo at\u00e9 que os elimine. Os browsers possibilitam ao utilizador aceitar, recusar ou eliminar cookies atrav\u00e9s das defini\u00e7\u00f5es avan\u00e7adas do navegador. A desactiva\u00e7\u00e3o dos cookies pode impedir que alguns servi\u00e7os web funcionem corretamente, podendo afetar a navega\u00e7\u00e3o no website.<\/span><\/p>\r\n","protected":false},"excerpt":{"rendered":"<p>Pol\u00edtica de Prote\u00e7\u00e3o de Dados 1. No \u00e2mbito do Regime Geral de Prote\u00e7\u00e3o de Dados (RGPD), Regulamento UE 2016\/679 de 27.04.2016. 2. A SPS Tradu\u00e7\u00f5es adere, na \u00edntegra, ao diploma legal supracitado, no sentido de garantir a prote\u00e7\u00e3o dos dados pessoais dos utilizadores no nosso website e dos nossos clientes. 3. Ao entrar no nosso [&hellip;]<\/p>\n","protected":false},"author":1,"featured_media":0,"parent":85,"menu_order":0,"comment_status":"closed","ping_status":"closed","template":"","meta":{"footnotes":""},"class_list":["post-2974","page","type-page","status-publish","hentry"],"_links":{"self":[{"href":"https:\/\/sps-traducoes.com.pt\/wp2\/wp-json\/wp\/v2\/pages\/2974","targetHints":{"allow":["GET"]}}],"collection":[{"href":"https:\/\/sps-traducoes.com.pt\/wp2\/wp-json\/wp\/v2\/pages"}],"about":[{"href":"https:\/\/sps-traducoes.com.pt\/wp2\/wp-json\/wp\/v2\/types\/page"}],"author":[{"embeddable":true,"href":"https:\/\/sps-traducoes.com.pt\/wp2\/wp-json\/wp\/v2\/users\/1"}],"replies":[{"embeddable":true,"href":"https:\/\/sps-traducoes.com.pt\/wp2\/wp-json\/wp\/v2\/comments?post=2974"}],"version-history":[{"count":27,"href":"https:\/\/sps-traducoes.com.pt\/wp2\/wp-json\/wp\/v2\/pages\/2974\/revisions"}],"predecessor-version":[{"id":3231,"href":"https:\/\/sps-traducoes.com.pt\/wp2\/wp-json\/wp\/v2\/pages\/2974\/revisions\/3231"}],"up":[{"embeddable":true,"href":"https:\/\/sps-traducoes.com.pt\/wp2\/wp-json\/wp\/v2\/pages\/85"}],"wp:attachment":[{"href":"https:\/\/sps-traducoes.com.pt\/wp2\/wp-json\/wp\/v2\/media?parent=2974"}],"curies":[{"name":"wp","href":"https:\/\/api.w.org\/{rel}","templated":true}]}}