{"id":60,"date":"2010-06-29T04:07:56","date_gmt":"2010-06-29T04:07:56","guid":{"rendered":"http:\/\/imediautama.com\/demo\/vulcan\/?page_id=60"},"modified":"2017-08-24T11:22:05","modified_gmt":"2017-08-24T10:22:05","slug":"traducao-tecnica","status":"publish","type":"page","link":"https:\/\/sps-traducoes.com.pt\/wp2\/servicos\/traducao-tecnica\/","title":{"rendered":"Tradu\u00e7\u00e3o T\u00e9cnica"},"content":{"rendered":"<h3 style=\"text-align: left;\">Especialistas em Tradu\u00e7\u00f5es T\u00e9cnicas<\/h3>\n<p style=\"text-align: left;\"><img loading=\"lazy\" decoding=\"async\" class=\"aligncenter size-full wp-image-973\" title=\"Tradu\u00e7\u00f5es T\u00e9cnicas\" alt=\"Tradu\u00e7\u00f5es T\u00e9cnicas\" src=\"http:\/\/sps-traducoes.com.pt\/wp2\/wp-content\/uploads\/2010\/06\/banner-sobrertec.jpg\" width=\"630\" height=\"147\" srcset=\"https:\/\/sps-traducoes.com.pt\/wp2\/wp-content\/uploads\/2010\/06\/banner-sobrertec.jpg 630w, https:\/\/sps-traducoes.com.pt\/wp2\/wp-content\/uploads\/2010\/06\/banner-sobrertec-300x70.jpg 300w, https:\/\/sps-traducoes.com.pt\/wp2\/wp-content\/uploads\/2010\/06\/banner-sobrertec-200x46.jpg 200w\" sizes=\"auto, (max-width: 630px) 100vw, 630px\" \/><\/p>\n<p style=\"text-align: left;\"><span style=\"font-size: small;\"><span style=\"font-family: Verdana; color: #333333;\">Para al\u00e9m da tradu\u00e7\u00e3o gen\u00e9rica e da tradu\u00e7\u00e3o jur\u00eddica, a SPS Tradu\u00e7\u00f5es conta com um grupo de tradutores especializados\u00a0<\/span><\/span><span style=\"color: #333333; font-family: Verdana; font-size: small;\">noutras \u00e1reas, garantindo uma tradu\u00e7\u00e3o t\u00e9cnica de qualidade.\u00a0Os nossos tradutores, de cuja l\u00edngua materna \u00e9 sempre a de destino, est\u00e3o efectivamente distribu\u00eddos e organizados por \u00e1reas, \u00a0de modo a que haja uma verdadeira especializa\u00e7\u00e3o nas \u00e1reas t\u00e9cnicas. Dentro destas est\u00e1 o Direito, a Economia,\u00a0a Inform\u00e1tica, a Medicina, a Cultura, o Desporto, o Turismo, a Literatura, entre outras.\u00a0<\/span><\/p>\n<p style=\"text-align: left;\"><span style=\"font-size: small;\"><span style=\"font-family: Verdana; color: #333333;\">Todas estas \u00e1reas exigem, da nossa parte, uma aten\u00e7\u00e3o especial, gozando os nossos profissionais do conhecimento t\u00e9cnico\u00a0adequado, estando n\u00f3s sempre na disposi\u00e7\u00e3o de incrementar, em quantidade e qualidade, o nosso grupo de colaboradores e pessoal de servi\u00e7o. Tudo para que o produto final seja, de facto, um produto de excel\u00eancia.<\/span><\/span><\/p>\n<p style=\"text-align: left;\"><span style=\"font-size: small;\"><strong><a style=\"text-decoration: none; font-family: Verdana;\" href=\"http:\/\/sps-traducoes.com.pt\/wp2\/orcamento-gratuito\/\">Clique\u00a0aqui e solicite-nos um Or\u00e7amento Gratuitamente<\/a><\/strong><span style=\"font-family: Verdana;\">. <span style=\"color: #333333;\">Caso prefira,\u00a0poder-nos-\u00e1 enviar o seu pedido de or\u00e7amento\u00a0atrav\u00e9s do email<\/span> <\/span><strong><a style=\"font-family: Verdana; text-decoration: none;\" href=\"mailto:geral@sps-traducoes.com.pt\">geral@sps-traducoes.com.pt<\/a><\/strong><span style=\"font-family: Verdana; color: #333333;\"> ou atrav\u00e9s\u00a0do telefone\u00a0<span style=\"font-weight: bold;\">00 351 92 926 35 82 ou 00 351 96 357 90 50.<\/span><\/span><\/span><\/p>\n","protected":false},"excerpt":{"rendered":"<p>Especialistas em Tradu\u00e7\u00f5es T\u00e9cnicas Para al\u00e9m da tradu\u00e7\u00e3o gen\u00e9rica e da tradu\u00e7\u00e3o jur\u00eddica, a SPS Tradu\u00e7\u00f5es conta com um grupo de tradutores especializados\u00a0noutras \u00e1reas, garantindo uma tradu\u00e7\u00e3o t\u00e9cnica de qualidade.\u00a0Os nossos tradutores, de cuja l\u00edngua materna \u00e9 sempre a de destino, est\u00e3o efectivamente distribu\u00eddos e organizados por \u00e1reas, \u00a0de modo a que haja uma verdadeira [&hellip;]<\/p>\n","protected":false},"author":1,"featured_media":0,"parent":50,"menu_order":2,"comment_status":"open","ping_status":"open","template":"","meta":{"footnotes":""},"class_list":["post-60","page","type-page","status-publish","hentry"],"_links":{"self":[{"href":"https:\/\/sps-traducoes.com.pt\/wp2\/wp-json\/wp\/v2\/pages\/60","targetHints":{"allow":["GET"]}}],"collection":[{"href":"https:\/\/sps-traducoes.com.pt\/wp2\/wp-json\/wp\/v2\/pages"}],"about":[{"href":"https:\/\/sps-traducoes.com.pt\/wp2\/wp-json\/wp\/v2\/types\/page"}],"author":[{"embeddable":true,"href":"https:\/\/sps-traducoes.com.pt\/wp2\/wp-json\/wp\/v2\/users\/1"}],"replies":[{"embeddable":true,"href":"https:\/\/sps-traducoes.com.pt\/wp2\/wp-json\/wp\/v2\/comments?post=60"}],"version-history":[{"count":19,"href":"https:\/\/sps-traducoes.com.pt\/wp2\/wp-json\/wp\/v2\/pages\/60\/revisions"}],"predecessor-version":[{"id":2589,"href":"https:\/\/sps-traducoes.com.pt\/wp2\/wp-json\/wp\/v2\/pages\/60\/revisions\/2589"}],"up":[{"embeddable":true,"href":"https:\/\/sps-traducoes.com.pt\/wp2\/wp-json\/wp\/v2\/pages\/50"}],"wp:attachment":[{"href":"https:\/\/sps-traducoes.com.pt\/wp2\/wp-json\/wp\/v2\/media?parent=60"}],"curies":[{"name":"wp","href":"https:\/\/api.w.org\/{rel}","templated":true}]}}