{"id":743,"date":"2012-04-25T18:53:16","date_gmt":"2012-04-25T17:53:16","guid":{"rendered":"http:\/\/sps-traducoes.com.pt\/wp2\/?page_id=743"},"modified":"2014-01-22T00:55:59","modified_gmt":"2014-01-22T00:55:59","slug":"colaboradores","status":"publish","type":"page","link":"https:\/\/sps-traducoes.com.pt\/wp2\/sps-traducoes\/colaboradores\/","title":{"rendered":"Colaboradores"},"content":{"rendered":"<h3 style=\"text-align: left;\">Envie-nos o seu curr\u00edculo<\/h3>\n<p style=\"text-align: left;\"><span style=\"color: #333333;\"><span style=\"font-size: small;\"><span style=\"font-family: Verdana;\">A SPS Tradu\u00e7\u00f5es \u2013 Tradu\u00e7\u00e3o, Marketing e Servi\u00e7os est\u00e1 sempre a recrutar novos profissionais com o intuito de enriquecer a sua base de dados e prestar sempre um servi\u00e7o de elevada qualidade. Se se enquadra e identifica com este nosso\u00a0prop\u00f3sito, e dentro dos servi\u00e7os que oferecemos, poder\u00e1 enviar-nos o seu curr\u00edculo para o email<br \/>\n<\/span><\/span><\/span><span style=\"text-decoration: none; font-size: small; font-family: Verdana;\"><strong><a style=\"text-decoration: none;\" href=\"mailto:colaboradores@sps-traducoes.com.pt\">colaboradores@sps-traducoes.com.pt<\/a><\/strong><\/span><span style=\"color: #ff6600; text-decoration: none;\"><strong><span>\u00a0<\/span><\/strong><\/span><\/p>\n<p style=\"text-align: left;\"><span style=\"color: #333333;\"><span style=\"font-size: small;\"><span style=\"font-family: Verdana;\">Poder\u00e1\u00a0tamb\u00e9m entrar em contacto connosco atrav\u00e9s do n\u00ba\u00a0<strong>00 351 92 926 35 82 ou\u00a000 351 96 357 90 50.<\/strong><\/span><\/span><\/span><\/p>\n","protected":false},"excerpt":{"rendered":"<p>Envie-nos o seu curr\u00edculo A SPS Tradu\u00e7\u00f5es \u2013 Tradu\u00e7\u00e3o, Marketing e Servi\u00e7os est\u00e1 sempre a recrutar novos profissionais com o intuito de enriquecer a sua base de dados e prestar sempre um servi\u00e7o de elevada qualidade. Se se enquadra e identifica com este nosso\u00a0prop\u00f3sito, e dentro dos servi\u00e7os que oferecemos, poder\u00e1 enviar-nos o seu curr\u00edculo [&hellip;]<\/p>\n","protected":false},"author":1,"featured_media":0,"parent":85,"menu_order":0,"comment_status":"open","ping_status":"closed","template":"","meta":{"footnotes":""},"class_list":["post-743","page","type-page","status-publish","hentry"],"_links":{"self":[{"href":"https:\/\/sps-traducoes.com.pt\/wp2\/wp-json\/wp\/v2\/pages\/743","targetHints":{"allow":["GET"]}}],"collection":[{"href":"https:\/\/sps-traducoes.com.pt\/wp2\/wp-json\/wp\/v2\/pages"}],"about":[{"href":"https:\/\/sps-traducoes.com.pt\/wp2\/wp-json\/wp\/v2\/types\/page"}],"author":[{"embeddable":true,"href":"https:\/\/sps-traducoes.com.pt\/wp2\/wp-json\/wp\/v2\/users\/1"}],"replies":[{"embeddable":true,"href":"https:\/\/sps-traducoes.com.pt\/wp2\/wp-json\/wp\/v2\/comments?post=743"}],"version-history":[{"count":39,"href":"https:\/\/sps-traducoes.com.pt\/wp2\/wp-json\/wp\/v2\/pages\/743\/revisions"}],"predecessor-version":[{"id":750,"href":"https:\/\/sps-traducoes.com.pt\/wp2\/wp-json\/wp\/v2\/pages\/743\/revisions\/750"}],"up":[{"embeddable":true,"href":"https:\/\/sps-traducoes.com.pt\/wp2\/wp-json\/wp\/v2\/pages\/85"}],"wp:attachment":[{"href":"https:\/\/sps-traducoes.com.pt\/wp2\/wp-json\/wp\/v2\/media?parent=743"}],"curies":[{"name":"wp","href":"https:\/\/api.w.org\/{rel}","templated":true}]}}