{"id":85,"date":"2010-06-28T20:47:56","date_gmt":"2010-06-28T19:47:56","guid":{"rendered":"http:\/\/imediautama.com\/demo\/vulcan\/?page_id=2"},"modified":"2017-08-24T11:37:33","modified_gmt":"2017-08-24T10:37:33","slug":"sps-traducoes","status":"publish","type":"page","link":"https:\/\/sps-traducoes.com.pt\/wp2\/sps-traducoes\/","title":{"rendered":"SPS Tradu\u00e7\u00f5es"},"content":{"rendered":"<h3 style=\"text-align: left;\">Quem Somos<\/h3>\n<p style=\"text-align: left;\"><a href=\"http:\/\/sps-traducoes.com.pt\/wp2\/wp-content\/uploads\/2010\/06\/banner-sobre1.jpg\"><img loading=\"lazy\" decoding=\"async\" class=\"aligncenter size-full wp-image-707\" title=\"SPS Tradu\u00e7\u00f5es \u2013 Tradu\u00e7\u00e3o, Marketing e Servi\u00e7os\" alt=\"SPS Tradu\u00e7\u00f5es \u2013 Tradu\u00e7\u00e3o, Marketing e Servi\u00e7os\" src=\"http:\/\/sps-traducoes.com.pt\/wp2\/wp-content\/uploads\/2010\/06\/banner-sobre1.jpg\" width=\"630\" height=\"147\" srcset=\"https:\/\/sps-traducoes.com.pt\/wp2\/wp-content\/uploads\/2010\/06\/banner-sobre1.jpg 630w, https:\/\/sps-traducoes.com.pt\/wp2\/wp-content\/uploads\/2010\/06\/banner-sobre1-300x70.jpg 300w, https:\/\/sps-traducoes.com.pt\/wp2\/wp-content\/uploads\/2010\/06\/banner-sobre1-200x46.jpg 200w\" sizes=\"auto, (max-width: 630px) 100vw, 630px\" \/><\/a><\/p>\n<p style=\"text-align: left;\"><span style=\"color: #333333;\"><span style=\"font-size: small;\"><span style=\"font-family: Verdana;\"> <strong>A SPS Tradu\u00e7\u00f5es \u2013 Tradu\u00e7\u00e3o, Marketing e Servi\u00e7os<\/strong>\u00a0\u00e9 uma empresa cujo objecto se explicita na sua designa\u00e7\u00e3o. Estamos sediados em Portugal, embora com amplas parcerias de neg\u00f3cio pelo mundo, especialmente no mundo da lusofonia. Brasil, Angola, Mo\u00e7ambique, Cabo-Verde ou Macau s\u00e3o alguns dos territ\u00f3rios nos quais prestamos os nossos servi\u00e7os de Tradu\u00e7\u00e3o (especialistas em tradu\u00e7\u00e3o t\u00e9cnica e jur\u00eddica), Interpreta\u00e7\u00e3o, Documenta\u00e7\u00e3o e Marketing, entre outros.<\/span><\/span><\/span><\/p>\n<p style=\"text-align: left;\"><span style=\"color: #333333;\"><span style=\"font-size: small;\"><span style=\"font-family: Verdana;\"> No mundo competitivo dos dias de hoje e numa sociedade de informa\u00e7\u00e3o em franca expans\u00e3o com o advento da Internet, temos desenvolvido formas de comunicar \u201cweb-based\u201d, sempre orientados por um esp\u00edrito de rigor, disciplina, celeridade e um pre\u00e7o competitivo. A rela\u00e7\u00e3o qualidade\/pre\u00e7o, claro, est\u00e1 sempre nos nossos horizontes, procurando oferecer qualidade t\u00e9cnica, enformados pelo lema \u201ctoler\u00e2ncia zero ao erro e \u00e0 gralha\u201d, e apresentando um pre\u00e7o que, embora compat\u00edvel com a complexidade e com o lado t\u00e9cnico do trabalho, tenta estar abaixo do valor m\u00e9dio de mercado. Mas n\u00e3o \u00e9 s\u00f3 na tradu\u00e7\u00e3o que nos propomos a apresentar servi\u00e7os de qualidade. \u00c9 tamb\u00e9m em toda a vertente do marketing e da publicidade online.<\/span><\/span><\/span><\/p>\n<p style=\"text-align: left;\"><span style=\"color: #333333;\"><span style=\"font-size: small;\"><span style=\"font-family: Verdana;\">Sabendo-se hoje que uma empresa quando abre deve abrir os seus bra\u00e7os a um mercado cada vez mais acima do local\/regional, a boa coloca\u00e7\u00e3o na internet \u00e9 muito mais do que desej\u00e1vel. E nem falamos apenas de um des\u00edgnio de imagem e de se passar uma imagem de credibilidade. N\u00e3o, estamos a ver muito mais longe do que isso.<\/span><\/span><\/span><\/p>\n<p style=\"text-align: left;\"><span style=\"color: #333333;\"><span style=\"font-size: small;\"><span style=\"font-family: Verdana;\"> Trata-se, sim, de potencializar oportunidades de neg\u00f3cio, de estabelecer um alvo de mercado, e fazer com que os \u201ccompradores esfomeados\u201d (tradu\u00e7\u00e3o livre da express\u00e3o do marketing \u201chungry buyers\u201d) encontrem o website onde vendemos bens ou servi\u00e7os e os adquiram. \u00c9 aqui que entra a SPS Tradu\u00e7\u00f5es. Como? Com planos de marketing, estabelecendo estrat\u00e9gias de envio de newsletters para alvos bem definidos (configuramos e tratamos do design dos banners das newsletters que enviamos), com a configura\u00e7\u00e3o de contas adwords (publicidade online da Google e um \u00f3ptimo meio de atingir determinado p\u00fablico), cuidando da imagem da sua empresa ou do seu neg\u00f3cio, oferecendo log\u00f3tipos dos nossos designers especializados, banners, flyers, cart\u00f5es-de-visita, websites, cria\u00e7\u00e3o de conte\u00fados, etc etc.<\/span><\/span><\/span><\/p>\n<p style=\"text-align: left;\"><span style=\"color: #333333;\"><span style=\"font-size: small;\"><span style=\"font-family: Verdana;\"> Na SPS Tradu\u00e7\u00f5es queremos estar sempre em contacto com os nossos clientes. Em suma, a SPS, apesar de primeiramente vocacionada para a tradu\u00e7\u00e3o, nomeadamente a tradu\u00e7\u00e3o jur\u00eddica, tem pouco a pouco alargado o seu campo de actividade, proporcionando aos seus clientes uma gama de servi\u00e7os com selo de qualidade. Estamos tamb\u00e9m sempre atentos a parcerias no sentido de diversificarmos geograficamente a nossa actua\u00e7\u00e3o, bem como nos apetrecharmos de conhecimento especializado. Neste particular, e por exemplo, somos assistidos, no que toca \u00e0 tradu\u00e7\u00e3o jur\u00eddica, pelo escrit\u00f3rio de advogados HRN Advogados, com sede em Faro, Algarve.<\/span><\/span><\/span><\/p>\n<p style=\"text-align: left;\"><span style=\"color: #333333;\"><span style=\"font-size: small;\"><span style=\"font-family: Verdana;\"> Este tipo de parcerias, tamb\u00e9m pela din\u00e2mica do Direito, tem sido uma mais-valia para n\u00f3s, colocando a SPS acima da concorr\u00eancia, n\u00e3o apenas em termos de pre\u00e7o final, mas, e acima de tudo, de qualidade. Para n\u00f3s, a sua satisfa\u00e7\u00e3o \u00e9 a nossa satisfa\u00e7\u00e3o.<\/span><\/span><\/span><\/p>\n<p style=\"text-align: left;\"><span style=\"color: #333333;\"><span style=\"font-size: small;\"><span style=\"font-family: Verdana;\"> A sua prosperidade \u00e9 a nossa. Conte connosco.<\/span><\/span><\/span><\/p>\n","protected":false},"excerpt":{"rendered":"<p>Quem Somos A SPS Tradu\u00e7\u00f5es \u2013 Tradu\u00e7\u00e3o, Marketing e Servi\u00e7os\u00a0\u00e9 uma empresa cujo objecto se explicita na sua designa\u00e7\u00e3o. Estamos sediados em Portugal, embora com amplas parcerias de neg\u00f3cio pelo mundo, especialmente no mundo da lusofonia. Brasil, Angola, Mo\u00e7ambique, Cabo-Verde ou Macau s\u00e3o alguns dos territ\u00f3rios nos quais prestamos os nossos servi\u00e7os de Tradu\u00e7\u00e3o (especialistas [&hellip;]<\/p>\n","protected":false},"author":1,"featured_media":0,"parent":0,"menu_order":0,"comment_status":"open","ping_status":"closed","template":"","meta":{"footnotes":""},"class_list":["post-85","page","type-page","status-publish","hentry"],"_links":{"self":[{"href":"https:\/\/sps-traducoes.com.pt\/wp2\/wp-json\/wp\/v2\/pages\/85","targetHints":{"allow":["GET"]}}],"collection":[{"href":"https:\/\/sps-traducoes.com.pt\/wp2\/wp-json\/wp\/v2\/pages"}],"about":[{"href":"https:\/\/sps-traducoes.com.pt\/wp2\/wp-json\/wp\/v2\/types\/page"}],"author":[{"embeddable":true,"href":"https:\/\/sps-traducoes.com.pt\/wp2\/wp-json\/wp\/v2\/users\/1"}],"replies":[{"embeddable":true,"href":"https:\/\/sps-traducoes.com.pt\/wp2\/wp-json\/wp\/v2\/comments?post=85"}],"version-history":[{"count":43,"href":"https:\/\/sps-traducoes.com.pt\/wp2\/wp-json\/wp\/v2\/pages\/85\/revisions"}],"predecessor-version":[{"id":2593,"href":"https:\/\/sps-traducoes.com.pt\/wp2\/wp-json\/wp\/v2\/pages\/85\/revisions\/2593"}],"wp:attachment":[{"href":"https:\/\/sps-traducoes.com.pt\/wp2\/wp-json\/wp\/v2\/media?parent=85"}],"curies":[{"name":"wp","href":"https:\/\/api.w.org\/{rel}","templated":true}]}}