{"id":90,"date":"2010-06-29T04:25:23","date_gmt":"2010-06-29T03:25:23","guid":{"rendered":"http:\/\/imediautama.com\/demo\/vulcan\/?page_id=90"},"modified":"2019-06-10T15:18:05","modified_gmt":"2019-06-10T14:18:05","slug":"orcamento-gratuito","status":"publish","type":"page","link":"https:\/\/sps-traducoes.com.pt\/wp2\/orcamento-gratuito\/","title":{"rendered":"Or\u00e7amentos"},"content":{"rendered":"<p><!-- Google Code for OR&Ccedil;AMENTO Conversion Page --><br \/>\n<script type=\"text\/javascript\"><br \/>\n\/* <![CDATA[ *\/\nvar google_conversion_id = 1003078558;\nvar google_conversion_language = \"pt\";\nvar google_conversion_format = \"2\";\nvar google_conversion_color = \"ffffff\";\nvar google_conversion_label = \"Y3rzCLyJwFcQnoen3gM\";\nvar google_remarketing_only = false;\n\/* ]]> *\/<br \/>\n<\/script><br \/>\n<script type=\"text\/javascript\" src=\"\/\/www.googleadservices.com\/pagead\/conversion.js\"><br \/>\n<\/script><br \/>\n<noscript><\/noscript><\/p>\n<div style=\"display:inline;\">\n<img loading=\"lazy\" decoding=\"async\" height=\"1\" width=\"1\" style=\"border-style:none;\" alt=\"\" src=\"\/\/www.googleadservices.com\/pagead\/conversion\/1003078558\/?label=Y3rzCLyJwFcQnoen3gM&amp;guid=ON&amp;script=0\"><\/div>\n<h3 style=\"text-align: left;\">Solicite-nos&nbsp;um Or\u00e7amento Gratuitamente<\/h3>\n<p style=\"font-family: Verdana; text-align: left;\"><span style=\"color: #000000; font-size: small;\"> Para efectuar um&nbsp;pedido de or\u00e7amento preencha o seguinte&nbsp;formul\u00e1rio. Iremos elaborar a nossa proposta com a maior&nbsp;brevidade poss\u00edvel e sem qualquer compromisso da sua parte.<\/span><\/p>\n<p style=\"font-family: Verdana; text-decoration: none; text-align: left;\"><span style=\"font-size: small; color: #000000;\"><span style=\"font-size: small;\">Caso&nbsp;prefira, poder-nos-\u00e1 enviar o seu pedido de&nbsp;or\u00e7amento atrav\u00e9s do email&nbsp;<\/span><br \/>\n<big><span style=\"font-size: small; text-decoration: none;\"><strong><a style=\"text-decoration: none;\" href=\"mailto:geral@sps-traducoes.com.pt\">geral@sps-traducoes.com.pt<\/a>&nbsp;<\/strong><\/span><\/big><span style=\"font-size: small; color: #000000;\">ou&nbsp;atrav\u00e9s dos telefones&nbsp;<strong>00&nbsp;351 92 926 35 82 <\/strong>ou<br \/>\n<strong> 00 351 96 357 90 50.<br \/>\n<\/strong><\/span><\/span><\/p>\n<p style=\"text-align: left;\">\n                <div class='gf_browser_gecko gform_wrapper' id='gform_wrapper_1' ><form method='post' enctype='multipart\/form-data'  id='gform_1'  action='\/wp2\/wp-json\/wp\/v2\/pages\/90'>\n                        <div class='gform_body'><ul id='gform_fields_1' class='gform_fields top_label form_sublabel_below description_below'><li id='field_1_1' class='gfield gfield_contains_required field_sublabel_below field_description_below' ><label class='gfield_label' for='input_1_1' >Nome<span class='gfield_required'>*<\/span><\/label><div class='ginput_container ginput_container_text'><input name='input_1' id='input_1_1' type='text' value='' class='medium'  tabindex='1'   aria-required=\"true\" aria-invalid=\"false\" \/><\/div><\/li><li id='field_1_9' class='gfield field_sublabel_below field_description_below' ><label class='gfield_label' for='input_1_9' >Empresa<\/label><div class='ginput_container ginput_container_text'><input name='input_9' id='input_1_9' type='text' value='' class='medium'  tabindex='2'    aria-invalid=\"false\" \/><\/div><\/li><li id='field_1_3' class='gfield gfield_contains_required field_sublabel_below field_description_below' ><label class='gfield_label' for='input_1_3' >Email<span class='gfield_required'>*<\/span><\/label><div class='ginput_container ginput_container_email'>\n                            <input name='input_3' id='input_1_3' type='text' value='' class='medium' tabindex='3'   \/>\n                        <\/div><\/li><li id='field_1_5' class='gfield field_sublabel_below field_description_below' ><label class='gfield_label' for='input_1_5' >Telefone<\/label><div class='ginput_container ginput_container_phone'><input name='input_5' id='input_1_5' type='text' value='' class='medium' tabindex='4'    aria-invalid=\"false\" \/><\/div><\/li><li id='field_1_6' class='gfield field_sublabel_below field_description_below' ><label class='gfield_label' for='input_1_6' >Servi\u00e7o Pretendido<\/label><div class='ginput_container ginput_container_text'><input name='input_6' id='input_1_6' type='text' value='' class='medium'  tabindex='5'    aria-invalid=\"false\" \/><\/div><\/li><li id='field_1_8' class='gfield field_sublabel_below field_description_below' ><label class='gfield_label' for='input_1_8' >Mensagem<\/label><div class='ginput_container'><textarea name='input_8' id='input_1_8' class='textarea medium' tabindex='6'    aria-invalid=\"false\"   rows='10' cols='50'><\/textarea><\/div><\/li><li id='field_1_7' class='gfield field_sublabel_below field_description_below' ><label class='gfield_label'  >Ficheiros<\/label><div class='ginput_container ginput_container_fileupload'><div id='gform_multifile_upload_1_7' data-settings='{&quot;runtimes&quot;:&quot;html5,flash,html4&quot;,&quot;browse_button&quot;:&quot;gform_browse_button_1_7&quot;,&quot;container&quot;:&quot;gform_multifile_upload_1_7&quot;,&quot;drop_element&quot;:&quot;gform_drag_drop_area_1_7&quot;,&quot;filelist&quot;:&quot;gform_preview_1_7&quot;,&quot;unique_names&quot;:true,&quot;file_data_name&quot;:&quot;file&quot;,&quot;url&quot;:&quot;https:\\\/\\\/sps-traducoes.com.pt\\\/wp2\\\/?gf_page=c56d513f542f020&quot;,&quot;flash_swf_url&quot;:&quot;https:\\\/\\\/sps-traducoes.com.pt\\\/wp2\\\/wp-includes\\\/js\\\/plupload\\\/plupload.flash.swf&quot;,&quot;silverlight_xap_url&quot;:&quot;https:\\\/\\\/sps-traducoes.com.pt\\\/wp2\\\/wp-includes\\\/js\\\/plupload\\\/plupload.silverlight.xap&quot;,&quot;filters&quot;:{&quot;mime_types&quot;:[{&quot;title&quot;:&quot;Allowed Files&quot;,&quot;extensions&quot;:&quot;*&quot;}],&quot;max_file_size&quot;:&quot;8388608b&quot;},&quot;multipart&quot;:true,&quot;urlstream_upload&quot;:false,&quot;multipart_params&quot;:{&quot;form_id&quot;:1,&quot;field_id&quot;:7},&quot;gf_vars&quot;:{&quot;max_files&quot;:0,&quot;message_id&quot;:&quot;gform_multifile_messages_1_7&quot;,&quot;disallowed_extensions&quot;:[&quot;php&quot;,&quot;asp&quot;,&quot;aspx&quot;,&quot;cmd&quot;,&quot;csh&quot;,&quot;bat&quot;,&quot;html&quot;,&quot;htm&quot;,&quot;hta&quot;,&quot;jar&quot;,&quot;exe&quot;,&quot;com&quot;,&quot;js&quot;,&quot;lnk&quot;,&quot;htaccess&quot;,&quot;phtml&quot;,&quot;ps1&quot;,&quot;ps2&quot;,&quot;php3&quot;,&quot;php4&quot;,&quot;php5&quot;,&quot;php6&quot;,&quot;py&quot;,&quot;rb&quot;,&quot;tmp&quot;]}}' class='gform_fileupload_multifile'>\n\t\t\t\t\t\t\t\t\t\t<div id='gform_drag_drop_area_1_7' class='gform_drop_area'>\n\t\t\t\t\t\t\t\t\t\t\t<span class='gform_drop_instructions'>Drop files here or <\/span>\n\t\t\t\t\t\t\t\t\t\t\t<input id='gform_browse_button_1_7' type='button' value='Select files' class='button gform_button_select_files' aria-describedby='extensions_message' tabindex='7' \/>\n\t\t\t\t\t\t\t\t\t\t<\/div>\n\t\t\t\t\t\t\t\t\t<\/div><span id='extensions_message' class='screen-reader-text'><\/span><div class='validation_message'>\n\t\t\t\t\t\t\t\t<ul id='gform_multifile_messages_1_7'>\n\t\t\t\t\t\t\t\t<\/ul>\n\t\t\t\t\t\t\t<\/div><\/div><div id='gform_preview_1_7'><\/div><\/li>\n                            <\/ul><\/div>\n        <div class='gform_footer top_label'> <input type='submit' id='gform_submit_button_1' class='gform_button button' value='Enviar' tabindex='8' onclick='if(window[\"gf_submitting_1\"]){return false;}  window[\"gf_submitting_1\"]=true;  ' onkeypress='if( event.keyCode == 13 ){ if(window[\"gf_submitting_1\"]){return false;} window[\"gf_submitting_1\"]=true;  jQuery(\"#gform_1\").trigger(\"submit\",[true]); }' \/> \n            <input type='hidden' class='gform_hidden' name='is_submit_1' value='1' \/>\n            <input type='hidden' class='gform_hidden' name='gform_submit' value='1' \/>\n            \n            <input type='hidden' class='gform_hidden' name='gform_unique_id' value='' \/>\n            <input type='hidden' class='gform_hidden' name='state_1' value='WyJbXSIsIjA5ZTNhYjFlM2Y2NDg1NTdlYWRkMWY4YTczY2ZjZTM1Il0=' \/>\n            <input type='hidden' class='gform_hidden' name='gform_target_page_number_1' id='gform_target_page_number_1' value='0' \/>\n            <input type='hidden' class='gform_hidden' name='gform_source_page_number_1' id='gform_source_page_number_1' value='1' \/>\n            <input type='hidden' name='gform_field_values' value='' \/>\n            <input type='hidden' name='gform_uploaded_files' id='gform_uploaded_files_1' value='' \/>\n        <\/div>\n                        <\/form>\n                        <\/div><script type='text\/javascript'> if(typeof gf_global == 'undefined') var gf_global = {\"gf_currency_config\":{\"name\":\"Euro\",\"symbol_left\":\"\",\"symbol_right\":\"&#8364;\",\"symbol_padding\":\" \",\"thousand_separator\":\".\",\"decimal_separator\":\",\",\"decimals\":2},\"base_url\":\"https:\\\/\\\/sps-traducoes.com.pt\\\/wp2\\\/wp-content\\\/plugins\\\/gravity\",\"number_formats\":[],\"spinnerUrl\":\"https:\\\/\\\/sps-traducoes.com.pt\\\/wp2\\\/wp-content\\\/plugins\\\/gravity\\\/images\\\/spinner.gif\"};jQuery(document).bind('gform_post_render', function(event, formId, currentPage){if(formId == 1) {} } );jQuery(document).bind('gform_post_conditional_logic', function(event, formId, fields, isInit){} );<\/script><script type='text\/javascript'> jQuery(document).ready(function(){jQuery(document).trigger('gform_post_render', [1, 1]) } ); <\/script><\/p>\n","protected":false},"excerpt":{"rendered":"<p>Solicite-nos&nbsp;um Or\u00e7amento Gratuitamente Para efectuar um&nbsp;pedido de or\u00e7amento preencha o seguinte&nbsp;formul\u00e1rio. Iremos elaborar a nossa proposta com a maior&nbsp;brevidade poss\u00edvel e sem qualquer compromisso da sua parte. Caso&nbsp;prefira, poder-nos-\u00e1 enviar o seu pedido de&nbsp;or\u00e7amento atrav\u00e9s do email&nbsp; geral@sps-traducoes.com.pt&nbsp;ou&nbsp;atrav\u00e9s dos telefones&nbsp;00&nbsp;351 92 926 35 82 ou 00 351 96 357 90 50.<\/p>\n","protected":false},"author":1,"featured_media":0,"parent":0,"menu_order":0,"comment_status":"open","ping_status":"closed","template":"","meta":{"footnotes":""},"class_list":["post-90","page","type-page","status-publish","hentry"],"_links":{"self":[{"href":"https:\/\/sps-traducoes.com.pt\/wp2\/wp-json\/wp\/v2\/pages\/90","targetHints":{"allow":["GET"]}}],"collection":[{"href":"https:\/\/sps-traducoes.com.pt\/wp2\/wp-json\/wp\/v2\/pages"}],"about":[{"href":"https:\/\/sps-traducoes.com.pt\/wp2\/wp-json\/wp\/v2\/types\/page"}],"author":[{"embeddable":true,"href":"https:\/\/sps-traducoes.com.pt\/wp2\/wp-json\/wp\/v2\/users\/1"}],"replies":[{"embeddable":true,"href":"https:\/\/sps-traducoes.com.pt\/wp2\/wp-json\/wp\/v2\/comments?post=90"}],"version-history":[{"count":144,"href":"https:\/\/sps-traducoes.com.pt\/wp2\/wp-json\/wp\/v2\/pages\/90\/revisions"}],"predecessor-version":[{"id":3063,"href":"https:\/\/sps-traducoes.com.pt\/wp2\/wp-json\/wp\/v2\/pages\/90\/revisions\/3063"}],"wp:attachment":[{"href":"https:\/\/sps-traducoes.com.pt\/wp2\/wp-json\/wp\/v2\/media?parent=90"}],"curies":[{"name":"wp","href":"https:\/\/api.w.org\/{rel}","templated":true}]}}